{"id":21,"date":"2019-03-27T04:09:46","date_gmt":"2019-03-27T04:09:46","guid":{"rendered":"http:\/\/rakteras.ee\/?page_id=21"},"modified":"2020-10-24T06:15:28","modified_gmt":"2020-10-24T06:15:28","slug":"tooted","status":"publish","type":"page","link":"https:\/\/rakteras.ee\/en\/tooted\/","title":{"rendered":"Products"},"content":{"rendered":"<div data-elementor-type=\"wp-post\" data-elementor-id=\"21\" class=\"elementor elementor-21\">\n\t\t\t\t\t\t<div class=\"elementor-inner\">\n\t\t\t\t<div class=\"elementor-section-wrap\">\n\t\t\t\t\t\t\t\t\t<section class=\"elementor-section elementor-top-section elementor-element elementor-element-67920458 elementor-section-boxed elementor-section-height-default elementor-section-height-default\" data-id=\"67920458\" data-element_type=\"section\" data-settings=\"{&quot;background_background&quot;:&quot;classic&quot;}\">\n\t\t\t\t\t\t\t<div class=\"elementor-background-overlay\"><\/div>\n\t\t\t\t\t\t\t<div class=\"elementor-container elementor-column-gap-default\">\n\t\t\t\t\t\t\t<div class=\"elementor-row\">\n\t\t\t\t\t<div class=\"elementor-column elementor-col-50 elementor-top-column elementor-element elementor-element-f0283f7\" data-id=\"f0283f7\" data-element_type=\"column\" data-settings=\"{&quot;background_background&quot;:&quot;classic&quot;,&quot;animation&quot;:&quot;none&quot;}\">\n\t\t\t<div class=\"elementor-column-wrap elementor-element-populated\">\n\t\t\t\t\t<div class=\"elementor-background-overlay\"><\/div>\n\t\t\t\t\t\t\t<div class=\"elementor-widget-wrap\">\n\t\t\t\t\t\t<div class=\"elementor-element elementor-element-7020f4d8 elementor-nav-menu__align-left elementor-nav-menu--indicator-none elementor-nav-menu--dropdown-mobile elementor-nav-menu__text-align-aside elementor-nav-menu--toggle elementor-nav-menu--burger elementor-widget elementor-widget-nav-menu\" data-id=\"7020f4d8\" data-element_type=\"widget\" data-settings=\"{&quot;layout&quot;:&quot;horizontal&quot;,&quot;toggle&quot;:&quot;burger&quot;}\" data-widget_type=\"nav-menu.default\">\n\t\t\t\t<div class=\"elementor-widget-container\">\n\t\t\t\t\t\t<nav role=\"navigation\" class=\"elementor-nav-menu--main elementor-nav-menu__container elementor-nav-menu--layout-horizontal e--pointer-text e--animation-float\"><ul id=\"menu-1-7020f4d8\" class=\"elementor-nav-menu\"><li class=\"menu-item menu-item-type-post_type menu-item-object-page menu-item-73\"><a href=\"https:\/\/rakteras.ee\/en\/tooted\/armatuurvork\/\" class=\"elementor-item\">Reinforcing mesh<\/a><\/li>\n<li class=\"menu-item menu-item-type-post_type menu-item-object-page menu-item-83\"><a href=\"https:\/\/rakteras.ee\/en\/tooted\/armatuurteras\/\" class=\"elementor-item\">Reinforcing steel<\/a><\/li>\n<li class=\"menu-item menu-item-type-post_type menu-item-object-page menu-item-454\"><a href=\"https:\/\/rakteras.ee\/en\/tooted\/muurivork\/\" class=\"elementor-item\">Masonry mesh<\/a><\/li>\n<li class=\"menu-item menu-item-type-post_type menu-item-object-page menu-item-72\"><a href=\"https:\/\/rakteras.ee\/en\/tooted\/bi-armatuur\/\" class=\"elementor-item\">BI and TRI reinforcement<\/a><\/li>\n<li class=\"menu-item menu-item-type-post_type menu-item-object-page menu-item-81\"><a href=\"https:\/\/rakteras.ee\/en\/tooted\/tarilapid\/\" class=\"elementor-item\">Building elements<\/a><\/li>\n<li class=\"menu-item menu-item-type-post_type menu-item-object-page menu-item-82\"><a href=\"https:\/\/rakteras.ee\/en\/tooted\/rangid\/\" class=\"elementor-item\">Bent secondary reinforcement<\/a><\/li>\n<li class=\"menu-item menu-item-type-post_type menu-item-object-page menu-item-281\"><a href=\"https:\/\/rakteras.ee\/en\/tooted\/tosteaasad\/\" class=\"elementor-item\">Lift eyes<\/a><\/li>\n<li class=\"menu-item menu-item-type-post_type menu-item-object-page menu-item-398\"><a href=\"https:\/\/rakteras.ee\/en\/tooted\/distantskandurid\/\" class=\"elementor-item\">Distance girders<\/a><\/li>\n<\/ul><\/nav>\n\t\t\t\t\t<div class=\"elementor-menu-toggle\" role=\"button\" tabindex=\"0\" aria-label=\"Menu Toggle\" aria-expanded=\"false\">\n\t\t\t<i class=\"eicon-menu-bar\" aria-hidden=\"true\"><\/i>\n\t\t\t<span class=\"elementor-screen-only\">Menu<\/span>\n\t\t<\/div>\n\t\t\t<nav class=\"elementor-nav-menu--dropdown elementor-nav-menu__container\" role=\"navigation\" aria-hidden=\"true\"><ul id=\"menu-2-7020f4d8\" class=\"elementor-nav-menu\"><li class=\"menu-item menu-item-type-post_type menu-item-object-page menu-item-73\"><a href=\"https:\/\/rakteras.ee\/en\/tooted\/armatuurvork\/\" class=\"elementor-item\">Reinforcing mesh<\/a><\/li>\n<li class=\"menu-item menu-item-type-post_type menu-item-object-page menu-item-83\"><a href=\"https:\/\/rakteras.ee\/en\/tooted\/armatuurteras\/\" class=\"elementor-item\">Reinforcing steel<\/a><\/li>\n<li class=\"menu-item menu-item-type-post_type menu-item-object-page menu-item-454\"><a href=\"https:\/\/rakteras.ee\/en\/tooted\/muurivork\/\" class=\"elementor-item\">Masonry mesh<\/a><\/li>\n<li class=\"menu-item menu-item-type-post_type menu-item-object-page menu-item-72\"><a href=\"https:\/\/rakteras.ee\/en\/tooted\/bi-armatuur\/\" class=\"elementor-item\">BI and TRI reinforcement<\/a><\/li>\n<li class=\"menu-item menu-item-type-post_type menu-item-object-page menu-item-81\"><a href=\"https:\/\/rakteras.ee\/en\/tooted\/tarilapid\/\" class=\"elementor-item\">Building elements<\/a><\/li>\n<li class=\"menu-item menu-item-type-post_type menu-item-object-page menu-item-82\"><a href=\"https:\/\/rakteras.ee\/en\/tooted\/rangid\/\" class=\"elementor-item\">Bent secondary reinforcement<\/a><\/li>\n<li class=\"menu-item menu-item-type-post_type menu-item-object-page menu-item-281\"><a href=\"https:\/\/rakteras.ee\/en\/tooted\/tosteaasad\/\" class=\"elementor-item\">Lift eyes<\/a><\/li>\n<li class=\"menu-item menu-item-type-post_type menu-item-object-page menu-item-398\"><a href=\"https:\/\/rakteras.ee\/en\/tooted\/distantskandurid\/\" class=\"elementor-item\">Distance girders<\/a><\/li>\n<\/ul><\/nav>\n\t\t\t\t<\/div>\n\t\t\t\t<\/div>\n\t\t\t\t\t\t<\/div>\n\t\t\t\t\t<\/div>\n\t\t<\/div>\n\t\t\t\t<div class=\"elementor-column elementor-col-50 elementor-top-column elementor-element elementor-element-f7d6f8f\" data-id=\"f7d6f8f\" data-element_type=\"column\" data-settings=\"{&quot;background_background&quot;:&quot;classic&quot;}\">\n\t\t\t<div class=\"elementor-column-wrap elementor-element-populated\">\n\t\t\t\t\t\t\t<div class=\"elementor-widget-wrap\">\n\t\t\t\t\t\t<div class=\"elementor-element elementor-element-38e0045 elementor-widget elementor-widget-heading\" data-id=\"38e0045\" data-element_type=\"widget\" data-widget_type=\"heading.default\">\n\t\t\t\t<div class=\"elementor-widget-container\">\n\t\t\t<h2 class=\"elementor-heading-title elementor-size-default\">REINFORCING MESH<\/h2>\t\t<\/div>\n\t\t\t\t<\/div>\n\t\t\t\t<div class=\"elementor-element elementor-element-4a2dfdc8 elementor-widget elementor-widget-text-editor\" data-id=\"4a2dfdc8\" data-element_type=\"widget\" data-widget_type=\"text-editor.default\">\n\t\t\t\t<div class=\"elementor-widget-container\">\n\t\t\t\t\t\t\t\t<div class=\"elementor-text-editor elementor-clearfix\">\n\t\t\t\t<p><span style=\"font-weight: 400;\">Reinforcement mesh is a welded mesh used in reinforcing concrete.<\/span><\/p><p><span style=\"font-weight: 400;\">Our meshes are produced upon special orders.<\/span><\/p><ul><li><span style=\"font-weight: 400;\"> \u00a0various formats; <\/span><\/li><li><span style=\"font-weight: 400;\"> \u00a0various eye sizes; <\/span><\/li><li><span style=\"font-weight: 400;\">various diameters; <\/span><\/li><li><span style=\"font-weight: 400;\"> various dimensions; <\/span><\/li><\/ul>\t\t\t\t\t<\/div>\n\t\t\t\t\t\t<\/div>\n\t\t\t\t<\/div>\n\t\t\t\t\t\t<\/div>\n\t\t\t\t\t<\/div>\n\t\t<\/div>\n\t\t\t\t\t\t\t\t<\/div>\n\t\t\t\t\t<\/div>\n\t\t<\/section>\n\t\t\t\t\t\t\t\t\t<\/div>\n\t\t\t<\/div>\n\t\t\t\t\t<\/div>","protected":false},"excerpt":{"rendered":"<p>ARMATUURV\u00d5RK Armatuurv\u00f5rk on keevisv\u00f5rk, mida kasutatakse betooni armeerimisel. Valmistame v\u00f5rgud eritellimusel. \u00a0erinevate formaatidega; \u00a0erinevate silmasuurustega; erineva diameetriga; erinevate m\u00f5\u00f5tmetega;<\/p>","protected":false},"author":1,"featured_media":0,"parent":0,"menu_order":0,"comment_status":"closed","ping_status":"closed","template":"elementor_header_footer","meta":[],"_links":{"self":[{"href":"https:\/\/rakteras.ee\/en\/wp-json\/wp\/v2\/pages\/21"}],"collection":[{"href":"https:\/\/rakteras.ee\/en\/wp-json\/wp\/v2\/pages"}],"about":[{"href":"https:\/\/rakteras.ee\/en\/wp-json\/wp\/v2\/types\/page"}],"author":[{"embeddable":true,"href":"https:\/\/rakteras.ee\/en\/wp-json\/wp\/v2\/users\/1"}],"replies":[{"embeddable":true,"href":"https:\/\/rakteras.ee\/en\/wp-json\/wp\/v2\/comments?post=21"}],"version-history":[{"count":5,"href":"https:\/\/rakteras.ee\/en\/wp-json\/wp\/v2\/pages\/21\/revisions"}],"predecessor-version":[{"id":677,"href":"https:\/\/rakteras.ee\/en\/wp-json\/wp\/v2\/pages\/21\/revisions\/677"}],"wp:attachment":[{"href":"https:\/\/rakteras.ee\/en\/wp-json\/wp\/v2\/media?parent=21"}],"curies":[{"name":"wp","href":"https:\/\/api.w.org\/{rel}","templated":true}]}}