{"id":77,"date":"2019-03-27T17:39:33","date_gmt":"2019-03-27T17:39:33","guid":{"rendered":"http:\/\/rakteras.ee\/?page_id=77"},"modified":"2020-10-06T17:50:08","modified_gmt":"2020-10-06T17:50:08","slug":"rangid","status":"publish","type":"page","link":"https:\/\/rakteras.ee\/en\/tooted\/rangid\/","title":{"rendered":"Bent secondary reinforcement"},"content":{"rendered":"<div data-elementor-type=\"wp-post\" data-elementor-id=\"77\" class=\"elementor elementor-77\">\n\t\t\t\t\t\t<div class=\"elementor-inner\">\n\t\t\t\t<div class=\"elementor-section-wrap\">\n\t\t\t\t\t\t\t\t\t<section class=\"elementor-section elementor-top-section elementor-element elementor-element-13b2ff5e elementor-section-boxed elementor-section-height-default elementor-section-height-default\" data-id=\"13b2ff5e\" data-element_type=\"section\" data-settings=\"{&quot;background_background&quot;:&quot;classic&quot;}\">\n\t\t\t\t\t\t<div class=\"elementor-container elementor-column-gap-default\">\n\t\t\t\t\t\t\t<div class=\"elementor-row\">\n\t\t\t\t\t<div class=\"elementor-column elementor-col-50 elementor-top-column elementor-element elementor-element-37cede40\" data-id=\"37cede40\" data-element_type=\"column\" data-settings=\"{&quot;background_background&quot;:&quot;classic&quot;,&quot;animation&quot;:&quot;none&quot;}\">\n\t\t\t<div class=\"elementor-column-wrap elementor-element-populated\">\n\t\t\t\t\t<div class=\"elementor-background-overlay\"><\/div>\n\t\t\t\t\t\t\t<div class=\"elementor-widget-wrap\">\n\t\t\t\t\t\t<div class=\"elementor-element elementor-element-63d0a89f elementor-nav-menu__align-left elementor-nav-menu--indicator-none elementor-nav-menu--dropdown-mobile elementor-nav-menu__text-align-aside elementor-nav-menu--toggle elementor-nav-menu--burger elementor-widget elementor-widget-nav-menu\" data-id=\"63d0a89f\" data-element_type=\"widget\" data-settings=\"{&quot;layout&quot;:&quot;horizontal&quot;,&quot;toggle&quot;:&quot;burger&quot;}\" data-widget_type=\"nav-menu.default\">\n\t\t\t\t<div class=\"elementor-widget-container\">\n\t\t\t\t\t\t<nav role=\"navigation\" class=\"elementor-nav-menu--main elementor-nav-menu__container elementor-nav-menu--layout-horizontal e--pointer-text e--animation-float\"><ul id=\"menu-1-63d0a89f\" class=\"elementor-nav-menu\"><li class=\"menu-item menu-item-type-post_type menu-item-object-page menu-item-73\"><a href=\"https:\/\/rakteras.ee\/en\/tooted\/armatuurvork\/\" class=\"elementor-item\">Reinforcing mesh<\/a><\/li>\n<li class=\"menu-item menu-item-type-post_type menu-item-object-page menu-item-83\"><a href=\"https:\/\/rakteras.ee\/en\/tooted\/armatuurteras\/\" class=\"elementor-item\">Reinforcing steel<\/a><\/li>\n<li class=\"menu-item menu-item-type-post_type menu-item-object-page menu-item-454\"><a href=\"https:\/\/rakteras.ee\/en\/tooted\/muurivork\/\" class=\"elementor-item\">Masonry mesh<\/a><\/li>\n<li class=\"menu-item menu-item-type-post_type menu-item-object-page menu-item-72\"><a href=\"https:\/\/rakteras.ee\/en\/tooted\/bi-armatuur\/\" class=\"elementor-item\">BI and TRI reinforcement<\/a><\/li>\n<li class=\"menu-item menu-item-type-post_type menu-item-object-page menu-item-81\"><a href=\"https:\/\/rakteras.ee\/en\/tooted\/tarilapid\/\" class=\"elementor-item\">Building elements<\/a><\/li>\n<li class=\"menu-item menu-item-type-post_type menu-item-object-page menu-item-82\"><a href=\"https:\/\/rakteras.ee\/en\/tooted\/rangid\/\" class=\"elementor-item\">Bent secondary reinforcement<\/a><\/li>\n<li class=\"menu-item menu-item-type-post_type menu-item-object-page menu-item-281\"><a href=\"https:\/\/rakteras.ee\/en\/tooted\/tosteaasad\/\" class=\"elementor-item\">Lift eyes<\/a><\/li>\n<li class=\"menu-item menu-item-type-post_type menu-item-object-page menu-item-398\"><a href=\"https:\/\/rakteras.ee\/en\/tooted\/distantskandurid\/\" class=\"elementor-item\">Distance girders<\/a><\/li>\n<\/ul><\/nav>\n\t\t\t\t\t<div class=\"elementor-menu-toggle\" role=\"button\" tabindex=\"0\" aria-label=\"Menu Toggle\" aria-expanded=\"false\">\n\t\t\t<i class=\"eicon-menu-bar\" aria-hidden=\"true\"><\/i>\n\t\t\t<span class=\"elementor-screen-only\">Menu<\/span>\n\t\t<\/div>\n\t\t\t<nav class=\"elementor-nav-menu--dropdown elementor-nav-menu__container\" role=\"navigation\" aria-hidden=\"true\"><ul id=\"menu-2-63d0a89f\" class=\"elementor-nav-menu\"><li class=\"menu-item menu-item-type-post_type menu-item-object-page menu-item-73\"><a href=\"https:\/\/rakteras.ee\/en\/tooted\/armatuurvork\/\" class=\"elementor-item\">Reinforcing mesh<\/a><\/li>\n<li class=\"menu-item menu-item-type-post_type menu-item-object-page menu-item-83\"><a href=\"https:\/\/rakteras.ee\/en\/tooted\/armatuurteras\/\" class=\"elementor-item\">Reinforcing steel<\/a><\/li>\n<li class=\"menu-item menu-item-type-post_type menu-item-object-page menu-item-454\"><a href=\"https:\/\/rakteras.ee\/en\/tooted\/muurivork\/\" class=\"elementor-item\">Masonry mesh<\/a><\/li>\n<li class=\"menu-item menu-item-type-post_type menu-item-object-page menu-item-72\"><a href=\"https:\/\/rakteras.ee\/en\/tooted\/bi-armatuur\/\" class=\"elementor-item\">BI and TRI reinforcement<\/a><\/li>\n<li class=\"menu-item menu-item-type-post_type menu-item-object-page menu-item-81\"><a href=\"https:\/\/rakteras.ee\/en\/tooted\/tarilapid\/\" class=\"elementor-item\">Building elements<\/a><\/li>\n<li class=\"menu-item menu-item-type-post_type menu-item-object-page menu-item-82\"><a href=\"https:\/\/rakteras.ee\/en\/tooted\/rangid\/\" class=\"elementor-item\">Bent secondary reinforcement<\/a><\/li>\n<li class=\"menu-item menu-item-type-post_type menu-item-object-page menu-item-281\"><a href=\"https:\/\/rakteras.ee\/en\/tooted\/tosteaasad\/\" class=\"elementor-item\">Lift eyes<\/a><\/li>\n<li class=\"menu-item menu-item-type-post_type menu-item-object-page menu-item-398\"><a href=\"https:\/\/rakteras.ee\/en\/tooted\/distantskandurid\/\" class=\"elementor-item\">Distance girders<\/a><\/li>\n<\/ul><\/nav>\n\t\t\t\t<\/div>\n\t\t\t\t<\/div>\n\t\t\t\t\t\t<\/div>\n\t\t\t\t\t<\/div>\n\t\t<\/div>\n\t\t\t\t<div class=\"elementor-column elementor-col-50 elementor-top-column elementor-element elementor-element-2401d12c\" data-id=\"2401d12c\" data-element_type=\"column\">\n\t\t\t<div class=\"elementor-column-wrap elementor-element-populated\">\n\t\t\t\t\t\t\t<div class=\"elementor-widget-wrap\">\n\t\t\t\t\t\t<div class=\"elementor-element elementor-element-5776e74b elementor-widget elementor-widget-heading\" data-id=\"5776e74b\" data-element_type=\"widget\" data-widget_type=\"heading.default\">\n\t\t\t\t<div class=\"elementor-widget-container\">\n\t\t\t<h2 class=\"elementor-heading-title elementor-size-default\">BENT SECONDARY REINFORCEMENT<\/h2>\t\t<\/div>\n\t\t\t\t<\/div>\n\t\t\t\t<div class=\"elementor-element elementor-element-470220ce elementor-widget elementor-widget-text-editor\" data-id=\"470220ce\" data-element_type=\"widget\" data-widget_type=\"text-editor.default\">\n\t\t\t\t<div class=\"elementor-widget-container\">\n\t\t\t\t\t\t\t\t<div class=\"elementor-text-editor elementor-clearfix\">\n\t\t\t\t<p><span style=\"font-weight: 400;\">Bent reinforced steel i.e. ligatures or secondary reinforcements are used in reinforcement of concrete.<\/span><\/p><p><span style=\"font-weight: 400;\">We offer bent reinforcements of various shapes, with capacity to machine bend reinforcements with diameter up to 32 mm.<\/span><\/p>\t\t\t\t\t<\/div>\n\t\t\t\t\t\t<\/div>\n\t\t\t\t<\/div>\n\t\t\t\t\t\t<\/div>\n\t\t\t\t\t<\/div>\n\t\t<\/div>\n\t\t\t\t\t\t\t\t<\/div>\n\t\t\t\t\t<\/div>\n\t\t<\/section>\n\t\t\t\t\t\t\t\t\t<\/div>\n\t\t\t<\/div>\n\t\t\t\t\t<\/div>","protected":false},"excerpt":{"rendered":"<p>RANGID Painutatud armatuurterast ehk range kasutatakse betooni armeerimisel. Pakume erikujuliste armatuurrangide valmistamise teenust. Suudame t\u00f6\u00f6delda kuni 32 mm l\u00e4bim\u00f5\u00f5duga terasarmatuuri.<\/p>","protected":false},"author":1,"featured_media":0,"parent":21,"menu_order":0,"comment_status":"closed","ping_status":"closed","template":"elementor_header_footer","meta":[],"_links":{"self":[{"href":"https:\/\/rakteras.ee\/en\/wp-json\/wp\/v2\/pages\/77"}],"collection":[{"href":"https:\/\/rakteras.ee\/en\/wp-json\/wp\/v2\/pages"}],"about":[{"href":"https:\/\/rakteras.ee\/en\/wp-json\/wp\/v2\/types\/page"}],"author":[{"embeddable":true,"href":"https:\/\/rakteras.ee\/en\/wp-json\/wp\/v2\/users\/1"}],"replies":[{"embeddable":true,"href":"https:\/\/rakteras.ee\/en\/wp-json\/wp\/v2\/comments?post=77"}],"version-history":[{"count":5,"href":"https:\/\/rakteras.ee\/en\/wp-json\/wp\/v2\/pages\/77\/revisions"}],"predecessor-version":[{"id":666,"href":"https:\/\/rakteras.ee\/en\/wp-json\/wp\/v2\/pages\/77\/revisions\/666"}],"up":[{"embeddable":true,"href":"https:\/\/rakteras.ee\/en\/wp-json\/wp\/v2\/pages\/21"}],"wp:attachment":[{"href":"https:\/\/rakteras.ee\/en\/wp-json\/wp\/v2\/media?parent=77"}],"curies":[{"name":"wp","href":"https:\/\/api.w.org\/{rel}","templated":true}]}}