{"id":396,"date":"2019-04-17T02:34:51","date_gmt":"2019-04-17T02:34:51","guid":{"rendered":"http:\/\/rakteras.ee\/?page_id=396"},"modified":"2020-10-06T17:46:25","modified_gmt":"2020-10-06T17:46:25","slug":"distantskandurid","status":"publish","type":"page","link":"https:\/\/rakteras.ee\/fi\/tooted\/distantskandurid\/","title":{"rendered":"RAUDOITUSKOROKKEET"},"content":{"rendered":"<div data-elementor-type=\"wp-post\" data-elementor-id=\"396\" class=\"elementor elementor-396\">\n\t\t\t\t\t\t<div class=\"elementor-inner\">\n\t\t\t\t<div class=\"elementor-section-wrap\">\n\t\t\t\t\t\t\t\t\t<section class=\"elementor-section elementor-top-section elementor-element elementor-element-1a9332f7 elementor-section-boxed elementor-section-height-default elementor-section-height-default\" data-id=\"1a9332f7\" data-element_type=\"section\" data-settings=\"{&quot;background_background&quot;:&quot;classic&quot;}\">\n\t\t\t\t\t\t<div class=\"elementor-container elementor-column-gap-default\">\n\t\t\t\t\t\t\t<div class=\"elementor-row\">\n\t\t\t\t\t<div class=\"elementor-column elementor-col-50 elementor-top-column elementor-element elementor-element-12081636\" data-id=\"12081636\" data-element_type=\"column\" data-settings=\"{&quot;background_background&quot;:&quot;classic&quot;,&quot;animation&quot;:&quot;none&quot;}\">\n\t\t\t<div class=\"elementor-column-wrap elementor-element-populated\">\n\t\t\t\t\t<div class=\"elementor-background-overlay\"><\/div>\n\t\t\t\t\t\t\t<div class=\"elementor-widget-wrap\">\n\t\t\t\t\t\t<div class=\"elementor-element elementor-element-716bc702 elementor-nav-menu__align-left elementor-nav-menu--indicator-none elementor-nav-menu--dropdown-mobile elementor-nav-menu__text-align-aside elementor-nav-menu--toggle elementor-nav-menu--burger elementor-widget elementor-widget-nav-menu\" data-id=\"716bc702\" data-element_type=\"widget\" data-settings=\"{&quot;layout&quot;:&quot;horizontal&quot;,&quot;toggle&quot;:&quot;burger&quot;}\" data-widget_type=\"nav-menu.default\">\n\t\t\t\t<div class=\"elementor-widget-container\">\n\t\t\t\t\t\t<nav role=\"navigation\" class=\"elementor-nav-menu--main elementor-nav-menu__container elementor-nav-menu--layout-horizontal e--pointer-text e--animation-float\"><ul id=\"menu-1-716bc702\" class=\"elementor-nav-menu\"><li class=\"menu-item menu-item-type-post_type menu-item-object-page menu-item-73\"><a href=\"https:\/\/rakteras.ee\/fi\/tooted\/armatuurvork\/\" class=\"elementor-item\">RAUDOITUSKOROKKEET<\/a><\/li>\n<li class=\"menu-item menu-item-type-post_type menu-item-object-page menu-item-83\"><a href=\"https:\/\/rakteras.ee\/fi\/tooted\/armatuurteras\/\" class=\"elementor-item\">Harjatera\u0308s<\/a><\/li>\n<li class=\"menu-item menu-item-type-post_type menu-item-object-page menu-item-454\"><a href=\"https:\/\/rakteras.ee\/fi\/tooted\/muurivork\/\" class=\"elementor-item\">Muurausverkkoa<\/a><\/li>\n<li class=\"menu-item menu-item-type-post_type menu-item-object-page menu-item-72\"><a href=\"https:\/\/rakteras.ee\/fi\/tooted\/bi-armatuur\/\" class=\"elementor-item\">Tikasrauta \/ kolmio- vinoansas<\/a><\/li>\n<li class=\"menu-item menu-item-type-post_type menu-item-object-page menu-item-81\"><a href=\"https:\/\/rakteras.ee\/fi\/tooted\/tarilapid\/\" class=\"elementor-item\">KIINNITYSLEVYT<\/a><\/li>\n<li class=\"menu-item menu-item-type-post_type menu-item-object-page menu-item-82\"><a href=\"https:\/\/rakteras.ee\/fi\/tooted\/rangid\/\" class=\"elementor-item\">TAIVUTETUT RAUDOITTEET<\/a><\/li>\n<li class=\"menu-item menu-item-type-post_type menu-item-object-page menu-item-281\"><a href=\"https:\/\/rakteras.ee\/fi\/tooted\/tosteaasad\/\" class=\"elementor-item\">Nostosilmukat<\/a><\/li>\n<li class=\"menu-item menu-item-type-post_type menu-item-object-page menu-item-398\"><a href=\"https:\/\/rakteras.ee\/fi\/tooted\/distantskandurid\/\" class=\"elementor-item\">RAUDOITUSKOROKKEET<\/a><\/li>\n<\/ul><\/nav>\n\t\t\t\t\t<div class=\"elementor-menu-toggle\" role=\"button\" tabindex=\"0\" aria-label=\"Menu Toggle\" aria-expanded=\"false\">\n\t\t\t<i class=\"eicon-menu-bar\" aria-hidden=\"true\"><\/i>\n\t\t\t<span class=\"elementor-screen-only\">Menu<\/span>\n\t\t<\/div>\n\t\t\t<nav class=\"elementor-nav-menu--dropdown elementor-nav-menu__container\" role=\"navigation\" aria-hidden=\"true\"><ul id=\"menu-2-716bc702\" class=\"elementor-nav-menu\"><li class=\"menu-item menu-item-type-post_type menu-item-object-page menu-item-73\"><a href=\"https:\/\/rakteras.ee\/fi\/tooted\/armatuurvork\/\" class=\"elementor-item\">RAUDOITUSKOROKKEET<\/a><\/li>\n<li class=\"menu-item menu-item-type-post_type menu-item-object-page menu-item-83\"><a href=\"https:\/\/rakteras.ee\/fi\/tooted\/armatuurteras\/\" class=\"elementor-item\">Harjatera\u0308s<\/a><\/li>\n<li class=\"menu-item menu-item-type-post_type menu-item-object-page menu-item-454\"><a href=\"https:\/\/rakteras.ee\/fi\/tooted\/muurivork\/\" class=\"elementor-item\">Muurausverkkoa<\/a><\/li>\n<li class=\"menu-item menu-item-type-post_type menu-item-object-page menu-item-72\"><a href=\"https:\/\/rakteras.ee\/fi\/tooted\/bi-armatuur\/\" class=\"elementor-item\">Tikasrauta \/ kolmio- vinoansas<\/a><\/li>\n<li class=\"menu-item menu-item-type-post_type menu-item-object-page menu-item-81\"><a href=\"https:\/\/rakteras.ee\/fi\/tooted\/tarilapid\/\" class=\"elementor-item\">KIINNITYSLEVYT<\/a><\/li>\n<li class=\"menu-item menu-item-type-post_type menu-item-object-page menu-item-82\"><a href=\"https:\/\/rakteras.ee\/fi\/tooted\/rangid\/\" class=\"elementor-item\">TAIVUTETUT RAUDOITTEET<\/a><\/li>\n<li class=\"menu-item menu-item-type-post_type menu-item-object-page menu-item-281\"><a href=\"https:\/\/rakteras.ee\/fi\/tooted\/tosteaasad\/\" class=\"elementor-item\">Nostosilmukat<\/a><\/li>\n<li class=\"menu-item menu-item-type-post_type menu-item-object-page menu-item-398\"><a href=\"https:\/\/rakteras.ee\/fi\/tooted\/distantskandurid\/\" class=\"elementor-item\">RAUDOITUSKOROKKEET<\/a><\/li>\n<\/ul><\/nav>\n\t\t\t\t<\/div>\n\t\t\t\t<\/div>\n\t\t\t\t\t\t<\/div>\n\t\t\t\t\t<\/div>\n\t\t<\/div>\n\t\t\t\t<div class=\"elementor-column elementor-col-50 elementor-top-column elementor-element elementor-element-337b4a6d\" data-id=\"337b4a6d\" data-element_type=\"column\">\n\t\t\t<div class=\"elementor-column-wrap elementor-element-populated\">\n\t\t\t\t\t\t\t<div class=\"elementor-widget-wrap\">\n\t\t\t\t\t\t<div class=\"elementor-element elementor-element-14d7a220 elementor-widget elementor-widget-heading\" data-id=\"14d7a220\" data-element_type=\"widget\" data-widget_type=\"heading.default\">\n\t\t\t\t<div class=\"elementor-widget-container\">\n\t\t\t<h2 class=\"elementor-heading-title elementor-size-default\">RAUDOITUSKOROKKEET<\/h2>\t\t<\/div>\n\t\t\t\t<\/div>\n\t\t\t\t<div class=\"elementor-element elementor-element-68837302 elementor-widget elementor-widget-text-editor\" data-id=\"68837302\" data-element_type=\"widget\" data-widget_type=\"text-editor.default\">\n\t\t\t\t<div class=\"elementor-widget-container\">\n\t\t\t\t\t\t\t\t<div class=\"elementor-text-editor elementor-clearfix\">\n\t\t\t\t<p>VAHVISTUSKOROKKEETI - ka\u0308yteta\u0308a\u0308n betonivaluto\u0308issa\u0308 raudoituksen asentamiseksi eri korkeuksiin alustasta.\u00a0<\/p><p>RAUDOITUSKOROKKEET O - raudoitusverkon tai suorien lujitera\u0308sten va\u0308listen eta\u0308isyyksien kiinnitta\u0308miseen tukevan ja vakaan pohjan takaamiseksi betonin valutyo\u0308ssa\u0308.\u00a0<\/p><p>RAUDOITUSKOROKKEET Kolmio-vinoansas - raudoitusverkkojen tai suorien raudoitustera\u0308sten va\u0308listen eta\u0308isyyksien kiinnitta\u0308miseen.\u00a0<\/p><p>\u00a0<\/p>\t\t\t\t\t<\/div>\n\t\t\t\t\t\t<\/div>\n\t\t\t\t<\/div>\n\t\t\t\t\t\t<\/div>\n\t\t\t\t\t<\/div>\n\t\t<\/div>\n\t\t\t\t\t\t\t\t<\/div>\n\t\t\t\t\t<\/div>\n\t\t<\/section>\n\t\t\t\t\t\t\t\t\t<\/div>\n\t\t\t<\/div>\n\t\t\t\t\t<\/div>","protected":false},"excerpt":{"rendered":"<p>DISTANTSKANDURID ARMATUURKANDURID &#8211; kasutatakse betoonivalu t\u00f6\u00f6del armatuuri paigaldamiseks erinevale k\u00f5rgusele aluspinnast.\u00a0 DISTANSKANDUR O &#8211; armatuurv\u00f5rgu v\u00f5i sirgete armatuurteraste vahekauguste fikseerimiseks kindla ja stabiilse jalgealuse tagamiseks betoonivalu t\u00f6\u00f6del.\u00a0 DISTANTSKANDUR TRI &#8211; armatuurv\u00f5rgu v\u00f5i sirgete armatuurteraste vahekauguste fikseerimiseks.\u00a0 \u00a0<\/p>","protected":false},"author":1,"featured_media":0,"parent":21,"menu_order":0,"comment_status":"closed","ping_status":"closed","template":"elementor_header_footer","meta":[],"_links":{"self":[{"href":"https:\/\/rakteras.ee\/fi\/wp-json\/wp\/v2\/pages\/396"}],"collection":[{"href":"https:\/\/rakteras.ee\/fi\/wp-json\/wp\/v2\/pages"}],"about":[{"href":"https:\/\/rakteras.ee\/fi\/wp-json\/wp\/v2\/types\/page"}],"author":[{"embeddable":true,"href":"https:\/\/rakteras.ee\/fi\/wp-json\/wp\/v2\/users\/1"}],"replies":[{"embeddable":true,"href":"https:\/\/rakteras.ee\/fi\/wp-json\/wp\/v2\/comments?post=396"}],"version-history":[{"count":5,"href":"https:\/\/rakteras.ee\/fi\/wp-json\/wp\/v2\/pages\/396\/revisions"}],"predecessor-version":[{"id":660,"href":"https:\/\/rakteras.ee\/fi\/wp-json\/wp\/v2\/pages\/396\/revisions\/660"}],"up":[{"embeddable":true,"href":"https:\/\/rakteras.ee\/fi\/wp-json\/wp\/v2\/pages\/21"}],"wp:attachment":[{"href":"https:\/\/rakteras.ee\/fi\/wp-json\/wp\/v2\/media?parent=396"}],"curies":[{"name":"wp","href":"https:\/\/api.w.org\/{rel}","templated":true}]}}