{"id":399,"date":"2019-04-17T02:37:09","date_gmt":"2019-04-17T02:37:09","guid":{"rendered":"http:\/\/rakteras.ee\/?page_id=399"},"modified":"2020-10-06T17:47:53","modified_gmt":"2020-10-06T17:47:53","slug":"muurivork","status":"publish","type":"page","link":"https:\/\/rakteras.ee\/fi\/tooted\/muurivork\/","title":{"rendered":"Muurausverkkoa"},"content":{"rendered":"<div data-elementor-type=\"wp-post\" data-elementor-id=\"399\" class=\"elementor elementor-399\">\n\t\t\t\t\t\t<div class=\"elementor-inner\">\n\t\t\t\t<div class=\"elementor-section-wrap\">\n\t\t\t\t\t\t\t\t\t<section class=\"elementor-section elementor-top-section elementor-element elementor-element-6ff17551 elementor-section-boxed elementor-section-height-default elementor-section-height-default\" data-id=\"6ff17551\" data-element_type=\"section\" data-settings=\"{&quot;background_background&quot;:&quot;classic&quot;}\">\n\t\t\t\t\t\t<div class=\"elementor-container elementor-column-gap-default\">\n\t\t\t\t\t\t\t<div class=\"elementor-row\">\n\t\t\t\t\t<div class=\"elementor-column elementor-col-50 elementor-top-column elementor-element elementor-element-255ba169\" data-id=\"255ba169\" data-element_type=\"column\" data-settings=\"{&quot;background_background&quot;:&quot;classic&quot;,&quot;animation&quot;:&quot;none&quot;}\">\n\t\t\t<div class=\"elementor-column-wrap elementor-element-populated\">\n\t\t\t\t\t<div class=\"elementor-background-overlay\"><\/div>\n\t\t\t\t\t\t\t<div class=\"elementor-widget-wrap\">\n\t\t\t\t\t\t<div class=\"elementor-element elementor-element-f7f622c elementor-nav-menu__align-left elementor-nav-menu--indicator-none elementor-nav-menu--dropdown-mobile elementor-nav-menu__text-align-aside elementor-nav-menu--toggle elementor-nav-menu--burger elementor-widget elementor-widget-nav-menu\" data-id=\"f7f622c\" data-element_type=\"widget\" data-settings=\"{&quot;layout&quot;:&quot;horizontal&quot;,&quot;toggle&quot;:&quot;burger&quot;}\" data-widget_type=\"nav-menu.default\">\n\t\t\t\t<div class=\"elementor-widget-container\">\n\t\t\t\t\t\t<nav role=\"navigation\" class=\"elementor-nav-menu--main elementor-nav-menu__container elementor-nav-menu--layout-horizontal e--pointer-text e--animation-float\"><ul id=\"menu-1-f7f622c\" class=\"elementor-nav-menu\"><li class=\"menu-item menu-item-type-post_type menu-item-object-page menu-item-73\"><a href=\"https:\/\/rakteras.ee\/fi\/tooted\/armatuurvork\/\" class=\"elementor-item\">RAUDOITUSKOROKKEET<\/a><\/li>\n<li class=\"menu-item menu-item-type-post_type menu-item-object-page menu-item-83\"><a href=\"https:\/\/rakteras.ee\/fi\/tooted\/armatuurteras\/\" class=\"elementor-item\">Harjatera\u0308s<\/a><\/li>\n<li class=\"menu-item menu-item-type-post_type menu-item-object-page menu-item-454\"><a href=\"https:\/\/rakteras.ee\/fi\/tooted\/muurivork\/\" class=\"elementor-item\">Muurausverkkoa<\/a><\/li>\n<li class=\"menu-item menu-item-type-post_type menu-item-object-page menu-item-72\"><a href=\"https:\/\/rakteras.ee\/fi\/tooted\/bi-armatuur\/\" class=\"elementor-item\">Tikasrauta \/ kolmio- vinoansas<\/a><\/li>\n<li class=\"menu-item menu-item-type-post_type menu-item-object-page menu-item-81\"><a href=\"https:\/\/rakteras.ee\/fi\/tooted\/tarilapid\/\" class=\"elementor-item\">KIINNITYSLEVYT<\/a><\/li>\n<li class=\"menu-item menu-item-type-post_type menu-item-object-page menu-item-82\"><a href=\"https:\/\/rakteras.ee\/fi\/tooted\/rangid\/\" class=\"elementor-item\">TAIVUTETUT RAUDOITTEET<\/a><\/li>\n<li class=\"menu-item menu-item-type-post_type menu-item-object-page menu-item-281\"><a href=\"https:\/\/rakteras.ee\/fi\/tooted\/tosteaasad\/\" class=\"elementor-item\">Nostosilmukat<\/a><\/li>\n<li class=\"menu-item menu-item-type-post_type menu-item-object-page menu-item-398\"><a href=\"https:\/\/rakteras.ee\/fi\/tooted\/distantskandurid\/\" class=\"elementor-item\">RAUDOITUSKOROKKEET<\/a><\/li>\n<\/ul><\/nav>\n\t\t\t\t\t<div class=\"elementor-menu-toggle\" role=\"button\" tabindex=\"0\" aria-label=\"Menu Toggle\" aria-expanded=\"false\">\n\t\t\t<i class=\"eicon-menu-bar\" aria-hidden=\"true\"><\/i>\n\t\t\t<span class=\"elementor-screen-only\">Menu<\/span>\n\t\t<\/div>\n\t\t\t<nav class=\"elementor-nav-menu--dropdown elementor-nav-menu__container\" role=\"navigation\" aria-hidden=\"true\"><ul id=\"menu-2-f7f622c\" class=\"elementor-nav-menu\"><li class=\"menu-item menu-item-type-post_type menu-item-object-page menu-item-73\"><a href=\"https:\/\/rakteras.ee\/fi\/tooted\/armatuurvork\/\" class=\"elementor-item\">RAUDOITUSKOROKKEET<\/a><\/li>\n<li class=\"menu-item menu-item-type-post_type menu-item-object-page menu-item-83\"><a href=\"https:\/\/rakteras.ee\/fi\/tooted\/armatuurteras\/\" class=\"elementor-item\">Harjatera\u0308s<\/a><\/li>\n<li class=\"menu-item menu-item-type-post_type menu-item-object-page menu-item-454\"><a href=\"https:\/\/rakteras.ee\/fi\/tooted\/muurivork\/\" class=\"elementor-item\">Muurausverkkoa<\/a><\/li>\n<li class=\"menu-item menu-item-type-post_type menu-item-object-page menu-item-72\"><a href=\"https:\/\/rakteras.ee\/fi\/tooted\/bi-armatuur\/\" class=\"elementor-item\">Tikasrauta \/ kolmio- vinoansas<\/a><\/li>\n<li class=\"menu-item menu-item-type-post_type menu-item-object-page menu-item-81\"><a href=\"https:\/\/rakteras.ee\/fi\/tooted\/tarilapid\/\" class=\"elementor-item\">KIINNITYSLEVYT<\/a><\/li>\n<li class=\"menu-item menu-item-type-post_type menu-item-object-page menu-item-82\"><a href=\"https:\/\/rakteras.ee\/fi\/tooted\/rangid\/\" class=\"elementor-item\">TAIVUTETUT RAUDOITTEET<\/a><\/li>\n<li class=\"menu-item menu-item-type-post_type menu-item-object-page menu-item-281\"><a href=\"https:\/\/rakteras.ee\/fi\/tooted\/tosteaasad\/\" class=\"elementor-item\">Nostosilmukat<\/a><\/li>\n<li class=\"menu-item menu-item-type-post_type menu-item-object-page menu-item-398\"><a href=\"https:\/\/rakteras.ee\/fi\/tooted\/distantskandurid\/\" class=\"elementor-item\">RAUDOITUSKOROKKEET<\/a><\/li>\n<\/ul><\/nav>\n\t\t\t\t<\/div>\n\t\t\t\t<\/div>\n\t\t\t\t\t\t<\/div>\n\t\t\t\t\t<\/div>\n\t\t<\/div>\n\t\t\t\t<div class=\"elementor-column elementor-col-50 elementor-top-column elementor-element elementor-element-325401c3\" data-id=\"325401c3\" data-element_type=\"column\">\n\t\t\t<div class=\"elementor-column-wrap elementor-element-populated\">\n\t\t\t\t\t\t\t<div class=\"elementor-widget-wrap\">\n\t\t\t\t\t\t<div class=\"elementor-element elementor-element-3307785b elementor-widget elementor-widget-heading\" data-id=\"3307785b\" data-element_type=\"widget\" data-widget_type=\"heading.default\">\n\t\t\t\t<div class=\"elementor-widget-container\">\n\t\t\t<h2 class=\"elementor-heading-title elementor-size-default\">Muurausverkkoa<\/h2>\t\t<\/div>\n\t\t\t\t<\/div>\n\t\t\t\t<div class=\"elementor-element elementor-element-6985a6ba elementor-widget elementor-widget-text-editor\" data-id=\"6985a6ba\" data-element_type=\"widget\" data-widget_type=\"text-editor.default\">\n\t\t\t\t<div class=\"elementor-widget-container\">\n\t\t\t\t\t\t\t\t<div class=\"elementor-text-editor elementor-clearfix\">\n\t\t\t\t<p><span style=\"font-weight: 400;\">Muurausverkkoa ka\u0308yteta\u0308a\u0308n betoniharkoista muurattujen rakennelmien raudoittamiseen.<\/span><\/p><p><span style=\"font-weight: 400;\">Betoniharkkojen kovettuminen ja siita\u0308 johtuva kutistuminen jatkuvat myo\u0308s seina\u0308n latomisen ja\u0308lkeen. Kutistumisen ja rakenteiden kuormituksen aiheuttamat ja\u0308nnitteet voivat aiheuttaa halkeamia. Verkon ka\u0308ytta\u0308minen va\u0308henta\u0308a\u0308 halkeamien todenna\u0308ko\u0308isyytta\u0308. Verkkoja jatkettaessa pa\u0308a\u0308llekka\u0308isyyden on oltava va\u0308hinta\u0308a\u0308n 30 cm. Samalla on varmistettava, etta\u0308 liitoskohdat eiva\u0308t ole samassa pystysuorassa linjassa. Paras mahdollinen rakennevaihtoehto selviteta\u0308a\u0308n yhteistyo\u0308ssa\u0308 suunnittelijan kanssa.<\/span><\/p>\t\t\t\t\t<\/div>\n\t\t\t\t\t\t<\/div>\n\t\t\t\t<\/div>\n\t\t\t\t\t\t<\/div>\n\t\t\t\t\t<\/div>\n\t\t<\/div>\n\t\t\t\t\t\t\t\t<\/div>\n\t\t\t\t\t<\/div>\n\t\t<\/section>\n\t\t\t\t\t\t\t\t\t<\/div>\n\t\t\t<\/div>\n\t\t\t\t\t<\/div>","protected":false},"excerpt":{"rendered":"<p>M\u00dc\u00dcRIV\u00d5RK M\u00fc\u00fcriv\u00f5rk on kasutusel betoonplokkide m\u00fc\u00fcritise armeerimisel t\u00f6\u00f6tava vuugisarrusena. Betoonplokkide kivistumisprotsess ja sellest tingitud mahukahanemine j\u00e4tkub ka peale m\u00fc\u00fcritise ladumist. Mahukahanemisest ja konstruktsiooni koormamisest tekkivad sisepinged v\u00f5ivad viia m\u00fc\u00fcritise pragunemiseni. Pragude avanemise takistamiseks on soovitatav kasutada m\u00fc\u00fcriv\u00f5rkusid. M\u00fc\u00fcriv\u00f5rkude j\u00e4tkamisel tuleb arvestada \u00fclekattega v\u00e4hemalt 30 cm. Samuti tuleb j\u00e4lgida, et j\u00e4tkukohad ei asetseks vertikaalselt \u00fchel joonel. [&hellip;]<\/p>\n","protected":false},"author":1,"featured_media":0,"parent":21,"menu_order":0,"comment_status":"closed","ping_status":"closed","template":"elementor_header_footer","meta":[],"_links":{"self":[{"href":"https:\/\/rakteras.ee\/fi\/wp-json\/wp\/v2\/pages\/399"}],"collection":[{"href":"https:\/\/rakteras.ee\/fi\/wp-json\/wp\/v2\/pages"}],"about":[{"href":"https:\/\/rakteras.ee\/fi\/wp-json\/wp\/v2\/types\/page"}],"author":[{"embeddable":true,"href":"https:\/\/rakteras.ee\/fi\/wp-json\/wp\/v2\/users\/1"}],"replies":[{"embeddable":true,"href":"https:\/\/rakteras.ee\/fi\/wp-json\/wp\/v2\/comments?post=399"}],"version-history":[{"count":5,"href":"https:\/\/rakteras.ee\/fi\/wp-json\/wp\/v2\/pages\/399\/revisions"}],"predecessor-version":[{"id":662,"href":"https:\/\/rakteras.ee\/fi\/wp-json\/wp\/v2\/pages\/399\/revisions\/662"}],"up":[{"embeddable":true,"href":"https:\/\/rakteras.ee\/fi\/wp-json\/wp\/v2\/pages\/21"}],"wp:attachment":[{"href":"https:\/\/rakteras.ee\/fi\/wp-json\/wp\/v2\/media?parent=399"}],"curies":[{"name":"wp","href":"https:\/\/api.w.org\/{rel}","templated":true}]}}