{"id":67,"date":"2019-03-27T17:32:29","date_gmt":"2019-03-27T17:32:29","guid":{"rendered":"http:\/\/rakteras.ee\/?page_id=67"},"modified":"2020-10-24T06:20:26","modified_gmt":"2020-10-24T06:20:26","slug":"armatuurvork","status":"publish","type":"page","link":"https:\/\/rakteras.ee\/fi\/tooted\/armatuurvork\/","title":{"rendered":"RAUDOITUSKOROKKEET"},"content":{"rendered":"<div data-elementor-type=\"wp-post\" data-elementor-id=\"67\" class=\"elementor elementor-67\">\n\t\t\t\t\t\t<div class=\"elementor-inner\">\n\t\t\t\t<div class=\"elementor-section-wrap\">\n\t\t\t\t\t\t\t\t\t<section class=\"elementor-section elementor-top-section elementor-element elementor-element-5a5d9b58 elementor-section-boxed elementor-section-height-default elementor-section-height-default\" data-id=\"5a5d9b58\" data-element_type=\"section\" data-settings=\"{&quot;background_background&quot;:&quot;classic&quot;}\">\n\t\t\t\t\t\t\t<div class=\"elementor-background-overlay\"><\/div>\n\t\t\t\t\t\t\t<div class=\"elementor-container elementor-column-gap-default\">\n\t\t\t\t\t\t\t<div class=\"elementor-row\">\n\t\t\t\t\t<div class=\"elementor-column elementor-col-50 elementor-top-column elementor-element elementor-element-11a2c03a\" data-id=\"11a2c03a\" data-element_type=\"column\" data-settings=\"{&quot;background_background&quot;:&quot;classic&quot;,&quot;animation&quot;:&quot;none&quot;}\">\n\t\t\t<div class=\"elementor-column-wrap elementor-element-populated\">\n\t\t\t\t\t<div class=\"elementor-background-overlay\"><\/div>\n\t\t\t\t\t\t\t<div class=\"elementor-widget-wrap\">\n\t\t\t\t\t\t<div class=\"elementor-element elementor-element-338c5c72 elementor-nav-menu__align-left elementor-nav-menu--indicator-none elementor-nav-menu--dropdown-mobile elementor-nav-menu__text-align-aside elementor-nav-menu--toggle elementor-nav-menu--burger elementor-widget elementor-widget-nav-menu\" data-id=\"338c5c72\" data-element_type=\"widget\" data-settings=\"{&quot;layout&quot;:&quot;horizontal&quot;,&quot;toggle&quot;:&quot;burger&quot;}\" data-widget_type=\"nav-menu.default\">\n\t\t\t\t<div class=\"elementor-widget-container\">\n\t\t\t\t\t\t<nav role=\"navigation\" class=\"elementor-nav-menu--main elementor-nav-menu__container elementor-nav-menu--layout-horizontal e--pointer-text e--animation-float\"><ul id=\"menu-1-338c5c72\" class=\"elementor-nav-menu\"><li class=\"menu-item menu-item-type-post_type menu-item-object-page menu-item-73\"><a href=\"https:\/\/rakteras.ee\/fi\/tooted\/armatuurvork\/\" class=\"elementor-item\">RAUDOITUSKOROKKEET<\/a><\/li>\n<li class=\"menu-item menu-item-type-post_type menu-item-object-page menu-item-83\"><a href=\"https:\/\/rakteras.ee\/fi\/tooted\/armatuurteras\/\" class=\"elementor-item\">Harjatera\u0308s<\/a><\/li>\n<li class=\"menu-item menu-item-type-post_type menu-item-object-page menu-item-454\"><a href=\"https:\/\/rakteras.ee\/fi\/tooted\/muurivork\/\" class=\"elementor-item\">Muurausverkkoa<\/a><\/li>\n<li class=\"menu-item menu-item-type-post_type menu-item-object-page menu-item-72\"><a href=\"https:\/\/rakteras.ee\/fi\/tooted\/bi-armatuur\/\" class=\"elementor-item\">Tikasrauta \/ kolmio- vinoansas<\/a><\/li>\n<li class=\"menu-item menu-item-type-post_type menu-item-object-page menu-item-81\"><a href=\"https:\/\/rakteras.ee\/fi\/tooted\/tarilapid\/\" class=\"elementor-item\">KIINNITYSLEVYT<\/a><\/li>\n<li class=\"menu-item menu-item-type-post_type menu-item-object-page menu-item-82\"><a href=\"https:\/\/rakteras.ee\/fi\/tooted\/rangid\/\" class=\"elementor-item\">TAIVUTETUT RAUDOITTEET<\/a><\/li>\n<li class=\"menu-item menu-item-type-post_type menu-item-object-page menu-item-281\"><a href=\"https:\/\/rakteras.ee\/fi\/tooted\/tosteaasad\/\" class=\"elementor-item\">Nostosilmukat<\/a><\/li>\n<li class=\"menu-item menu-item-type-post_type menu-item-object-page menu-item-398\"><a href=\"https:\/\/rakteras.ee\/fi\/tooted\/distantskandurid\/\" class=\"elementor-item\">RAUDOITUSKOROKKEET<\/a><\/li>\n<\/ul><\/nav>\n\t\t\t\t\t<div class=\"elementor-menu-toggle\" role=\"button\" tabindex=\"0\" aria-label=\"Menu Toggle\" aria-expanded=\"false\">\n\t\t\t<i class=\"eicon-menu-bar\" aria-hidden=\"true\"><\/i>\n\t\t\t<span class=\"elementor-screen-only\">Menu<\/span>\n\t\t<\/div>\n\t\t\t<nav class=\"elementor-nav-menu--dropdown elementor-nav-menu__container\" role=\"navigation\" aria-hidden=\"true\"><ul id=\"menu-2-338c5c72\" class=\"elementor-nav-menu\"><li class=\"menu-item menu-item-type-post_type menu-item-object-page menu-item-73\"><a href=\"https:\/\/rakteras.ee\/fi\/tooted\/armatuurvork\/\" class=\"elementor-item\">RAUDOITUSKOROKKEET<\/a><\/li>\n<li class=\"menu-item menu-item-type-post_type menu-item-object-page menu-item-83\"><a href=\"https:\/\/rakteras.ee\/fi\/tooted\/armatuurteras\/\" class=\"elementor-item\">Harjatera\u0308s<\/a><\/li>\n<li class=\"menu-item menu-item-type-post_type menu-item-object-page menu-item-454\"><a href=\"https:\/\/rakteras.ee\/fi\/tooted\/muurivork\/\" class=\"elementor-item\">Muurausverkkoa<\/a><\/li>\n<li class=\"menu-item menu-item-type-post_type menu-item-object-page menu-item-72\"><a href=\"https:\/\/rakteras.ee\/fi\/tooted\/bi-armatuur\/\" class=\"elementor-item\">Tikasrauta \/ kolmio- vinoansas<\/a><\/li>\n<li class=\"menu-item menu-item-type-post_type menu-item-object-page menu-item-81\"><a href=\"https:\/\/rakteras.ee\/fi\/tooted\/tarilapid\/\" class=\"elementor-item\">KIINNITYSLEVYT<\/a><\/li>\n<li class=\"menu-item menu-item-type-post_type menu-item-object-page menu-item-82\"><a href=\"https:\/\/rakteras.ee\/fi\/tooted\/rangid\/\" class=\"elementor-item\">TAIVUTETUT RAUDOITTEET<\/a><\/li>\n<li class=\"menu-item menu-item-type-post_type menu-item-object-page menu-item-281\"><a href=\"https:\/\/rakteras.ee\/fi\/tooted\/tosteaasad\/\" class=\"elementor-item\">Nostosilmukat<\/a><\/li>\n<li class=\"menu-item menu-item-type-post_type menu-item-object-page menu-item-398\"><a href=\"https:\/\/rakteras.ee\/fi\/tooted\/distantskandurid\/\" class=\"elementor-item\">RAUDOITUSKOROKKEET<\/a><\/li>\n<\/ul><\/nav>\n\t\t\t\t<\/div>\n\t\t\t\t<\/div>\n\t\t\t\t\t\t<\/div>\n\t\t\t\t\t<\/div>\n\t\t<\/div>\n\t\t\t\t<div class=\"elementor-column elementor-col-50 elementor-top-column elementor-element elementor-element-3822665c\" data-id=\"3822665c\" data-element_type=\"column\">\n\t\t\t<div class=\"elementor-column-wrap elementor-element-populated\">\n\t\t\t\t\t\t\t<div class=\"elementor-widget-wrap\">\n\t\t\t\t\t\t<div class=\"elementor-element elementor-element-8d35abf elementor-widget elementor-widget-heading\" data-id=\"8d35abf\" data-element_type=\"widget\" data-widget_type=\"heading.default\">\n\t\t\t\t<div class=\"elementor-widget-container\">\n\t\t\t<h2 class=\"elementor-heading-title elementor-size-default\">RAUDOITUSKOROKKEET<\/h2>\t\t<\/div>\n\t\t\t\t<\/div>\n\t\t\t\t<div class=\"elementor-element elementor-element-7d15d2e1 elementor-widget elementor-widget-text-editor\" data-id=\"7d15d2e1\" data-element_type=\"widget\" data-widget_type=\"text-editor.default\">\n\t\t\t\t<div class=\"elementor-widget-container\">\n\t\t\t\t\t\t\t\t<div class=\"elementor-text-editor elementor-clearfix\">\n\t\t\t\t<p><span style=\"font-weight: 400;\">Raudoitusverkko on hitsattu verkko, jota ka\u0308yteta\u0308a\u0308n betonin raudoittamiseen.<\/span><\/p><p><span style=\"font-weight: 400;\">Valmistamme verkkoja erikoistilaukses:<\/span><\/p><ul><li><span style=\"font-weight: 400;\"> \u00a0eri muodoissa; <\/span><\/li><li><span style=\"font-weight: 400;\"> \u00a0erilaiset silma\u0308koot; <\/span><\/li><li><span style=\"font-weight: 400;\">eri halkaisijat; <\/span><\/li><li><span style=\"font-weight: 400;\"> eri mitoilla; <\/span><\/li><\/ul>\t\t\t\t\t<\/div>\n\t\t\t\t\t\t<\/div>\n\t\t\t\t<\/div>\n\t\t\t\t\t\t<\/div>\n\t\t\t\t\t<\/div>\n\t\t<\/div>\n\t\t\t\t\t\t\t\t<\/div>\n\t\t\t\t\t<\/div>\n\t\t<\/section>\n\t\t\t\t\t\t\t\t\t<\/div>\n\t\t\t<\/div>\n\t\t\t\t\t<\/div>","protected":false},"excerpt":{"rendered":"<p>ARMATUURV\u00d5RK Armatuurv\u00f5rk on keevisv\u00f5rk, mida kasutatakse betooni armeerimisel. Valmistame v\u00f5rgud eritellimusel. \u00a0erinevate formaatidega; \u00a0erinevate silmasuurustega; erineva diameetriga; erinevate m\u00f5\u00f5tmetega;<\/p>","protected":false},"author":1,"featured_media":0,"parent":21,"menu_order":0,"comment_status":"closed","ping_status":"closed","template":"elementor_header_footer","meta":[],"_links":{"self":[{"href":"https:\/\/rakteras.ee\/fi\/wp-json\/wp\/v2\/pages\/67"}],"collection":[{"href":"https:\/\/rakteras.ee\/fi\/wp-json\/wp\/v2\/pages"}],"about":[{"href":"https:\/\/rakteras.ee\/fi\/wp-json\/wp\/v2\/types\/page"}],"author":[{"embeddable":true,"href":"https:\/\/rakteras.ee\/fi\/wp-json\/wp\/v2\/users\/1"}],"replies":[{"embeddable":true,"href":"https:\/\/rakteras.ee\/fi\/wp-json\/wp\/v2\/comments?post=67"}],"version-history":[{"count":5,"href":"https:\/\/rakteras.ee\/fi\/wp-json\/wp\/v2\/pages\/67\/revisions"}],"predecessor-version":[{"id":679,"href":"https:\/\/rakteras.ee\/fi\/wp-json\/wp\/v2\/pages\/67\/revisions\/679"}],"up":[{"embeddable":true,"href":"https:\/\/rakteras.ee\/fi\/wp-json\/wp\/v2\/pages\/21"}],"wp:attachment":[{"href":"https:\/\/rakteras.ee\/fi\/wp-json\/wp\/v2\/media?parent=67"}],"curies":[{"name":"wp","href":"https:\/\/api.w.org\/{rel}","templated":true}]}}