{"id":75,"date":"2019-03-27T17:39:13","date_gmt":"2019-03-27T17:39:13","guid":{"rendered":"http:\/\/rakteras.ee\/?page_id=75"},"modified":"2020-10-24T06:05:54","modified_gmt":"2020-10-24T06:05:54","slug":"armatuurteras","status":"publish","type":"page","link":"https:\/\/rakteras.ee\/fi\/tooted\/armatuurteras\/","title":{"rendered":"Harjatera\u0308s"},"content":{"rendered":"<div data-elementor-type=\"wp-post\" data-elementor-id=\"75\" class=\"elementor elementor-75\">\n\t\t\t\t\t\t<div class=\"elementor-inner\">\n\t\t\t\t<div class=\"elementor-section-wrap\">\n\t\t\t\t\t\t\t\t\t<section class=\"elementor-section elementor-top-section elementor-element elementor-element-6334816e elementor-section-boxed elementor-section-height-default elementor-section-height-default\" data-id=\"6334816e\" data-element_type=\"section\" data-settings=\"{&quot;background_background&quot;:&quot;classic&quot;}\">\n\t\t\t\t\t\t\t<div class=\"elementor-background-overlay\"><\/div>\n\t\t\t\t\t\t\t<div class=\"elementor-container elementor-column-gap-default\">\n\t\t\t\t\t\t\t<div class=\"elementor-row\">\n\t\t\t\t\t<div class=\"elementor-column elementor-col-50 elementor-top-column elementor-element elementor-element-42d84292\" data-id=\"42d84292\" data-element_type=\"column\" data-settings=\"{&quot;background_background&quot;:&quot;classic&quot;,&quot;animation&quot;:&quot;none&quot;}\">\n\t\t\t<div class=\"elementor-column-wrap elementor-element-populated\">\n\t\t\t\t\t<div class=\"elementor-background-overlay\"><\/div>\n\t\t\t\t\t\t\t<div class=\"elementor-widget-wrap\">\n\t\t\t\t\t\t<div class=\"elementor-element elementor-element-343f00de elementor-nav-menu__align-left elementor-nav-menu--indicator-none elementor-nav-menu--dropdown-mobile elementor-nav-menu__text-align-aside elementor-nav-menu--toggle elementor-nav-menu--burger elementor-widget elementor-widget-nav-menu\" data-id=\"343f00de\" data-element_type=\"widget\" data-settings=\"{&quot;layout&quot;:&quot;horizontal&quot;,&quot;toggle&quot;:&quot;burger&quot;}\" data-widget_type=\"nav-menu.default\">\n\t\t\t\t<div class=\"elementor-widget-container\">\n\t\t\t\t\t\t<nav role=\"navigation\" class=\"elementor-nav-menu--main elementor-nav-menu__container elementor-nav-menu--layout-horizontal e--pointer-text e--animation-float\"><ul id=\"menu-1-343f00de\" class=\"elementor-nav-menu\"><li class=\"menu-item menu-item-type-post_type menu-item-object-page menu-item-73\"><a href=\"https:\/\/rakteras.ee\/fi\/tooted\/armatuurvork\/\" class=\"elementor-item\">RAUDOITUSKOROKKEET<\/a><\/li>\n<li class=\"menu-item menu-item-type-post_type menu-item-object-page menu-item-83\"><a href=\"https:\/\/rakteras.ee\/fi\/tooted\/armatuurteras\/\" class=\"elementor-item\">Harjatera\u0308s<\/a><\/li>\n<li class=\"menu-item menu-item-type-post_type menu-item-object-page menu-item-454\"><a href=\"https:\/\/rakteras.ee\/fi\/tooted\/muurivork\/\" class=\"elementor-item\">Muurausverkkoa<\/a><\/li>\n<li class=\"menu-item menu-item-type-post_type menu-item-object-page menu-item-72\"><a href=\"https:\/\/rakteras.ee\/fi\/tooted\/bi-armatuur\/\" class=\"elementor-item\">Tikasrauta \/ kolmio- vinoansas<\/a><\/li>\n<li class=\"menu-item menu-item-type-post_type menu-item-object-page menu-item-81\"><a href=\"https:\/\/rakteras.ee\/fi\/tooted\/tarilapid\/\" class=\"elementor-item\">KIINNITYSLEVYT<\/a><\/li>\n<li class=\"menu-item menu-item-type-post_type menu-item-object-page menu-item-82\"><a href=\"https:\/\/rakteras.ee\/fi\/tooted\/rangid\/\" class=\"elementor-item\">TAIVUTETUT RAUDOITTEET<\/a><\/li>\n<li class=\"menu-item menu-item-type-post_type menu-item-object-page menu-item-281\"><a href=\"https:\/\/rakteras.ee\/fi\/tooted\/tosteaasad\/\" class=\"elementor-item\">Nostosilmukat<\/a><\/li>\n<li class=\"menu-item menu-item-type-post_type menu-item-object-page menu-item-398\"><a href=\"https:\/\/rakteras.ee\/fi\/tooted\/distantskandurid\/\" class=\"elementor-item\">RAUDOITUSKOROKKEET<\/a><\/li>\n<\/ul><\/nav>\n\t\t\t\t\t<div class=\"elementor-menu-toggle\" role=\"button\" tabindex=\"0\" aria-label=\"Menu Toggle\" aria-expanded=\"false\">\n\t\t\t<i class=\"eicon-menu-bar\" aria-hidden=\"true\"><\/i>\n\t\t\t<span class=\"elementor-screen-only\">Menu<\/span>\n\t\t<\/div>\n\t\t\t<nav class=\"elementor-nav-menu--dropdown elementor-nav-menu__container\" role=\"navigation\" aria-hidden=\"true\"><ul id=\"menu-2-343f00de\" class=\"elementor-nav-menu\"><li class=\"menu-item menu-item-type-post_type menu-item-object-page menu-item-73\"><a href=\"https:\/\/rakteras.ee\/fi\/tooted\/armatuurvork\/\" class=\"elementor-item\">RAUDOITUSKOROKKEET<\/a><\/li>\n<li class=\"menu-item menu-item-type-post_type menu-item-object-page menu-item-83\"><a href=\"https:\/\/rakteras.ee\/fi\/tooted\/armatuurteras\/\" class=\"elementor-item\">Harjatera\u0308s<\/a><\/li>\n<li class=\"menu-item menu-item-type-post_type menu-item-object-page menu-item-454\"><a href=\"https:\/\/rakteras.ee\/fi\/tooted\/muurivork\/\" class=\"elementor-item\">Muurausverkkoa<\/a><\/li>\n<li class=\"menu-item menu-item-type-post_type menu-item-object-page menu-item-72\"><a href=\"https:\/\/rakteras.ee\/fi\/tooted\/bi-armatuur\/\" class=\"elementor-item\">Tikasrauta \/ kolmio- vinoansas<\/a><\/li>\n<li class=\"menu-item menu-item-type-post_type menu-item-object-page menu-item-81\"><a href=\"https:\/\/rakteras.ee\/fi\/tooted\/tarilapid\/\" class=\"elementor-item\">KIINNITYSLEVYT<\/a><\/li>\n<li class=\"menu-item menu-item-type-post_type menu-item-object-page menu-item-82\"><a href=\"https:\/\/rakteras.ee\/fi\/tooted\/rangid\/\" class=\"elementor-item\">TAIVUTETUT RAUDOITTEET<\/a><\/li>\n<li class=\"menu-item menu-item-type-post_type menu-item-object-page menu-item-281\"><a href=\"https:\/\/rakteras.ee\/fi\/tooted\/tosteaasad\/\" class=\"elementor-item\">Nostosilmukat<\/a><\/li>\n<li class=\"menu-item menu-item-type-post_type menu-item-object-page menu-item-398\"><a href=\"https:\/\/rakteras.ee\/fi\/tooted\/distantskandurid\/\" class=\"elementor-item\">RAUDOITUSKOROKKEET<\/a><\/li>\n<\/ul><\/nav>\n\t\t\t\t<\/div>\n\t\t\t\t<\/div>\n\t\t\t\t\t\t<\/div>\n\t\t\t\t\t<\/div>\n\t\t<\/div>\n\t\t\t\t<div class=\"elementor-column elementor-col-50 elementor-top-column elementor-element elementor-element-18cdcb52\" data-id=\"18cdcb52\" data-element_type=\"column\">\n\t\t\t<div class=\"elementor-column-wrap elementor-element-populated\">\n\t\t\t\t\t\t\t<div class=\"elementor-widget-wrap\">\n\t\t\t\t\t\t<div class=\"elementor-element elementor-element-7eed20df elementor-widget elementor-widget-heading\" data-id=\"7eed20df\" data-element_type=\"widget\" data-widget_type=\"heading.default\">\n\t\t\t\t<div class=\"elementor-widget-container\">\n\t\t\t<h2 class=\"elementor-heading-title elementor-size-default\">HARJATERA\u0308S<\/h2>\t\t<\/div>\n\t\t\t\t<\/div>\n\t\t\t\t<div class=\"elementor-element elementor-element-3d1cc2a9 elementor-widget elementor-widget-text-editor\" data-id=\"3d1cc2a9\" data-element_type=\"widget\" data-widget_type=\"text-editor.default\">\n\t\t\t\t<div class=\"elementor-widget-container\">\n\t\t\t\t\t\t\t\t<div class=\"elementor-text-editor elementor-clearfix\">\n\t\t\t\t<p><span style=\"font-weight: 400;\">Harjatera\u0308sta\u0308 ka\u0308yteta\u0308a\u0308n betonin raudoittamiseen.<\/span><\/p><ul><li style=\"font-weight: 400;\">6 m \u2013 Halkaisija 6, 8, 10, 12, 16, 20 vo\u0303i 25mm<\/li><li style=\"font-weight: 400;\"><span style=\"font-weight: 400;\">12 m \u2013 Halkaisija 8, 10, 12, 16, 20, 25 vo\u0303i 32mm<\/span><\/li><\/ul><p><span style=\"font-weight: 400;\">Asiakkaiden pyynno\u0308sta\u0308 leikkaamme myo\u0308s harjatera\u0308sta\u0308. On mahdollista leikata harjatera\u0308sta\u0308 joiden halkaisija on 6-32 mm.<\/span><\/p>\t\t\t\t\t<\/div>\n\t\t\t\t\t\t<\/div>\n\t\t\t\t<\/div>\n\t\t\t\t\t\t<\/div>\n\t\t\t\t\t<\/div>\n\t\t<\/div>\n\t\t\t\t\t\t\t\t<\/div>\n\t\t\t\t\t<\/div>\n\t\t<\/section>\n\t\t\t\t\t\t\t\t\t<\/div>\n\t\t\t<\/div>\n\t\t\t\t\t<\/div>","protected":false},"excerpt":{"rendered":"<p>ARMATUURTERAS Armatuurterast ehk sarrusterast kasutatakse betooni armeerimisel. 6 m &#8211; L\u00e4bim\u00f5\u00f5t 6, 8, 10, 12, 16, 20 v\u00f5i 25mm 12 m &#8211; L\u00e4bim\u00f5\u00f5t 8, 10, 12, 16, 20, 25 v\u00f5i 32mm Klientide soovil teostame ka armatuurterase l\u00f5ikamist. V\u00f5imalik on l\u00f5igata 6-32 mm l\u00e4bim\u00f5\u00f5duga armatuurterast.<\/p>","protected":false},"author":1,"featured_media":0,"parent":21,"menu_order":0,"comment_status":"closed","ping_status":"closed","template":"elementor_header_footer","meta":[],"_links":{"self":[{"href":"https:\/\/rakteras.ee\/fi\/wp-json\/wp\/v2\/pages\/75"}],"collection":[{"href":"https:\/\/rakteras.ee\/fi\/wp-json\/wp\/v2\/pages"}],"about":[{"href":"https:\/\/rakteras.ee\/fi\/wp-json\/wp\/v2\/types\/page"}],"author":[{"embeddable":true,"href":"https:\/\/rakteras.ee\/fi\/wp-json\/wp\/v2\/users\/1"}],"replies":[{"embeddable":true,"href":"https:\/\/rakteras.ee\/fi\/wp-json\/wp\/v2\/comments?post=75"}],"version-history":[{"count":5,"href":"https:\/\/rakteras.ee\/fi\/wp-json\/wp\/v2\/pages\/75\/revisions"}],"predecessor-version":[{"id":673,"href":"https:\/\/rakteras.ee\/fi\/wp-json\/wp\/v2\/pages\/75\/revisions\/673"}],"up":[{"embeddable":true,"href":"https:\/\/rakteras.ee\/fi\/wp-json\/wp\/v2\/pages\/21"}],"wp:attachment":[{"href":"https:\/\/rakteras.ee\/fi\/wp-json\/wp\/v2\/media?parent=75"}],"curies":[{"name":"wp","href":"https:\/\/api.w.org\/{rel}","templated":true}]}}