{"id":399,"date":"2019-04-17T02:37:09","date_gmt":"2019-04-17T02:37:09","guid":{"rendered":"http:\/\/rakteras.ee\/?page_id=399"},"modified":"2020-10-06T17:47:53","modified_gmt":"2020-10-06T17:47:53","slug":"muurivork","status":"publish","type":"page","link":"https:\/\/rakteras.ee\/ru\/tooted\/muurivork\/","title":{"rendered":"\u041a\u043b\u0430\u0434\u043e\u0447\u043d\u0430\u044f \u0441\u0435\u0442\u043a\u0430"},"content":{"rendered":"<div data-elementor-type=\"wp-post\" data-elementor-id=\"399\" class=\"elementor elementor-399\">\n\t\t\t\t\t\t<div class=\"elementor-inner\">\n\t\t\t\t<div class=\"elementor-section-wrap\">\n\t\t\t\t\t\t\t\t\t<section class=\"elementor-section elementor-top-section elementor-element elementor-element-6ff17551 elementor-section-boxed elementor-section-height-default elementor-section-height-default\" data-id=\"6ff17551\" data-element_type=\"section\" data-settings=\"{&quot;background_background&quot;:&quot;classic&quot;}\">\n\t\t\t\t\t\t<div class=\"elementor-container elementor-column-gap-default\">\n\t\t\t\t\t\t\t<div class=\"elementor-row\">\n\t\t\t\t\t<div class=\"elementor-column elementor-col-50 elementor-top-column elementor-element elementor-element-255ba169\" data-id=\"255ba169\" data-element_type=\"column\" data-settings=\"{&quot;background_background&quot;:&quot;classic&quot;,&quot;animation&quot;:&quot;none&quot;}\">\n\t\t\t<div class=\"elementor-column-wrap elementor-element-populated\">\n\t\t\t\t\t<div class=\"elementor-background-overlay\"><\/div>\n\t\t\t\t\t\t\t<div class=\"elementor-widget-wrap\">\n\t\t\t\t\t\t<div class=\"elementor-element elementor-element-f7f622c elementor-nav-menu__align-left elementor-nav-menu--indicator-none elementor-nav-menu--dropdown-mobile elementor-nav-menu__text-align-aside elementor-nav-menu--toggle elementor-nav-menu--burger elementor-widget elementor-widget-nav-menu\" data-id=\"f7f622c\" data-element_type=\"widget\" data-settings=\"{&quot;layout&quot;:&quot;horizontal&quot;,&quot;toggle&quot;:&quot;burger&quot;}\" data-widget_type=\"nav-menu.default\">\n\t\t\t\t<div class=\"elementor-widget-container\">\n\t\t\t\t\t\t<nav role=\"navigation\" class=\"elementor-nav-menu--main elementor-nav-menu__container elementor-nav-menu--layout-horizontal e--pointer-text e--animation-float\"><ul id=\"menu-1-f7f622c\" class=\"elementor-nav-menu\"><li class=\"menu-item menu-item-type-post_type menu-item-object-page menu-item-73\"><a href=\"https:\/\/rakteras.ee\/ru\/tooted\/armatuurvork\/\" class=\"elementor-item\">\u0410\u0440\u043c\u0430\u0442\u0443\u0440\u043d\u0430\u044f \u0441\u0435\u0442\u043a\u0430<\/a><\/li>\n<li class=\"menu-item menu-item-type-post_type menu-item-object-page menu-item-83\"><a href=\"https:\/\/rakteras.ee\/ru\/tooted\/armatuurteras\/\" class=\"elementor-item\">\u0410\u0440\u043c\u0430\u0442\u0443\u0440\u043d\u0430\u044f \u0441\u0442\u0430\u043b\u044c<\/a><\/li>\n<li class=\"menu-item menu-item-type-post_type menu-item-object-page menu-item-454\"><a href=\"https:\/\/rakteras.ee\/ru\/tooted\/muurivork\/\" class=\"elementor-item\">\u041a\u043b\u0430\u0434\u043e\u0447\u043d\u0430\u044f \u0441\u0435\u0442\u043a\u0430<\/a><\/li>\n<li class=\"menu-item menu-item-type-post_type menu-item-object-page menu-item-72\"><a href=\"https:\/\/rakteras.ee\/ru\/tooted\/bi-armatuur\/\" class=\"elementor-item\">\u0411\u0418- \u0438 \u0422\u0420\u0418-\u0430\u0440\u043c\u0430\u0442\u0443\u0440\u0430<\/a><\/li>\n<li class=\"menu-item menu-item-type-post_type menu-item-object-page menu-item-81\"><a href=\"https:\/\/rakteras.ee\/ru\/tooted\/tarilapid\/\" class=\"elementor-item\">\u041a\u0440\u0435\u043f\u0435\u0436\u043d\u044b\u0435 \u043f\u043b\u0438\u0442\u044b<\/a><\/li>\n<li class=\"menu-item menu-item-type-post_type menu-item-object-page menu-item-82\"><a href=\"https:\/\/rakteras.ee\/ru\/tooted\/rangid\/\" class=\"elementor-item\">\u0420\u0430\u043d\u0433\u0438<\/a><\/li>\n<li class=\"menu-item menu-item-type-post_type menu-item-object-page menu-item-281\"><a href=\"https:\/\/rakteras.ee\/ru\/tooted\/tosteaasad\/\" class=\"elementor-item\">\u041f\u043e\u0434\u044a\u0435\u043c\u043d\u044b\u0435 \u043f\u0435\u0442\u043b\u0438<\/a><\/li>\n<li class=\"menu-item menu-item-type-post_type menu-item-object-page menu-item-398\"><a href=\"https:\/\/rakteras.ee\/ru\/tooted\/distantskandurid\/\" class=\"elementor-item\">\u0414\u0438\u0441\u0442\u0430\u043d\u0446\u0438\u043e\u043d\u043d\u044b\u0435 \u043e\u043f\u043e\u0440\u044b<\/a><\/li>\n<\/ul><\/nav>\n\t\t\t\t\t<div class=\"elementor-menu-toggle\" role=\"button\" tabindex=\"0\" aria-label=\"\u041f\u0435\u0440\u0435\u043a\u043b\u044e\u0447\u0430\u0442\u0435\u043b\u044c \u043c\u0435\u043d\u044e\" aria-expanded=\"false\">\n\t\t\t<i class=\"eicon-menu-bar\" aria-hidden=\"true\"><\/i>\n\t\t\t<span class=\"elementor-screen-only\">\u041c\u0435\u043d\u044e<\/span>\n\t\t<\/div>\n\t\t\t<nav class=\"elementor-nav-menu--dropdown elementor-nav-menu__container\" role=\"navigation\" aria-hidden=\"true\"><ul id=\"menu-2-f7f622c\" class=\"elementor-nav-menu\"><li class=\"menu-item menu-item-type-post_type menu-item-object-page menu-item-73\"><a href=\"https:\/\/rakteras.ee\/ru\/tooted\/armatuurvork\/\" class=\"elementor-item\">\u0410\u0440\u043c\u0430\u0442\u0443\u0440\u043d\u0430\u044f \u0441\u0435\u0442\u043a\u0430<\/a><\/li>\n<li class=\"menu-item menu-item-type-post_type menu-item-object-page menu-item-83\"><a href=\"https:\/\/rakteras.ee\/ru\/tooted\/armatuurteras\/\" class=\"elementor-item\">\u0410\u0440\u043c\u0430\u0442\u0443\u0440\u043d\u0430\u044f \u0441\u0442\u0430\u043b\u044c<\/a><\/li>\n<li class=\"menu-item menu-item-type-post_type menu-item-object-page menu-item-454\"><a href=\"https:\/\/rakteras.ee\/ru\/tooted\/muurivork\/\" class=\"elementor-item\">\u041a\u043b\u0430\u0434\u043e\u0447\u043d\u0430\u044f \u0441\u0435\u0442\u043a\u0430<\/a><\/li>\n<li class=\"menu-item menu-item-type-post_type menu-item-object-page menu-item-72\"><a href=\"https:\/\/rakteras.ee\/ru\/tooted\/bi-armatuur\/\" class=\"elementor-item\">\u0411\u0418- \u0438 \u0422\u0420\u0418-\u0430\u0440\u043c\u0430\u0442\u0443\u0440\u0430<\/a><\/li>\n<li class=\"menu-item menu-item-type-post_type menu-item-object-page menu-item-81\"><a href=\"https:\/\/rakteras.ee\/ru\/tooted\/tarilapid\/\" class=\"elementor-item\">\u041a\u0440\u0435\u043f\u0435\u0436\u043d\u044b\u0435 \u043f\u043b\u0438\u0442\u044b<\/a><\/li>\n<li class=\"menu-item menu-item-type-post_type menu-item-object-page menu-item-82\"><a href=\"https:\/\/rakteras.ee\/ru\/tooted\/rangid\/\" class=\"elementor-item\">\u0420\u0430\u043d\u0433\u0438<\/a><\/li>\n<li class=\"menu-item menu-item-type-post_type menu-item-object-page menu-item-281\"><a href=\"https:\/\/rakteras.ee\/ru\/tooted\/tosteaasad\/\" class=\"elementor-item\">\u041f\u043e\u0434\u044a\u0435\u043c\u043d\u044b\u0435 \u043f\u0435\u0442\u043b\u0438<\/a><\/li>\n<li class=\"menu-item menu-item-type-post_type menu-item-object-page menu-item-398\"><a href=\"https:\/\/rakteras.ee\/ru\/tooted\/distantskandurid\/\" class=\"elementor-item\">\u0414\u0438\u0441\u0442\u0430\u043d\u0446\u0438\u043e\u043d\u043d\u044b\u0435 \u043e\u043f\u043e\u0440\u044b<\/a><\/li>\n<\/ul><\/nav>\n\t\t\t\t<\/div>\n\t\t\t\t<\/div>\n\t\t\t\t\t\t<\/div>\n\t\t\t\t\t<\/div>\n\t\t<\/div>\n\t\t\t\t<div class=\"elementor-column elementor-col-50 elementor-top-column elementor-element elementor-element-325401c3\" data-id=\"325401c3\" data-element_type=\"column\">\n\t\t\t<div class=\"elementor-column-wrap elementor-element-populated\">\n\t\t\t\t\t\t\t<div class=\"elementor-widget-wrap\">\n\t\t\t\t\t\t<div class=\"elementor-element elementor-element-3307785b elementor-widget elementor-widget-heading\" data-id=\"3307785b\" data-element_type=\"widget\" data-widget_type=\"heading.default\">\n\t\t\t\t<div class=\"elementor-widget-container\">\n\t\t\t<h2 class=\"elementor-heading-title elementor-size-default\">\u041a\u043b\u0430\u0434\u043e\u0447\u043d\u0430\u044f \u0441\u0435\u0442\u043a\u0430<\/h2>\t\t<\/div>\n\t\t\t\t<\/div>\n\t\t\t\t<div class=\"elementor-element elementor-element-6985a6ba elementor-widget elementor-widget-text-editor\" data-id=\"6985a6ba\" data-element_type=\"widget\" data-widget_type=\"text-editor.default\">\n\t\t\t\t<div class=\"elementor-widget-container\">\n\t\t\t\t\t\t\t\t<div class=\"elementor-text-editor elementor-clearfix\">\n\t\t\t\t<p><span style=\"font-weight: 400;\">\u041a\u043b\u0430\u0434\u043e\u0447\u043d\u0430\u044f \u0441\u0435\u0442\u043a\u0430 \u0438\u0441\u043f\u043e\u043b\u044c\u0437\u0443\u0435\u0442\u0441\u044f \u0432 \u043a\u0430\u0447\u0435\u0441\u0442\u0432\u0435 \u0448\u043e\u0432\u043d\u043e\u0439 \u0430\u0440\u043c\u0430\u0442\u0443\u0440\u044b \u043f\u0440\u0438 \u0430\u0440\u043c\u0438\u0440\u043e\u0432\u0430\u043d\u0438\u0438 \u0431\u0435\u0442\u043e\u043d\u043d\u044b\u0445 \u0431\u043b\u043e\u043a\u043e\u0432.<\/span><\/p><p><span style=\"font-weight: 400;\">\u041f\u0440\u043e\u0446\u0435\u0441\u0441 \u0437\u0430\u0442\u0432\u0435\u0440\u0434\u0435\u0432\u0430\u043d\u0438\u044f \u0431\u0435\u0442\u043e\u043d\u043d\u044b\u0445 \u0431\u043b\u043e\u043a\u043e\u0432 \u0438 \u0441\u0432\u044f\u0437\u0430\u043d\u043d\u043e\u0435 \u0441 \u044d\u0442\u0438\u043c \u0443\u043c\u0435\u043d\u044c\u0448\u0435\u043d\u0438\u0435 \u043e\u0431\u044a\u0435\u043c\u0430 \u043f\u0440\u043e\u0434\u043e\u043b\u0436\u0430\u0435\u0442\u0441\u044f \u0442\u0430\u043a\u0436\u0435 \u043f\u043e\u0441\u043b\u0435 \u0443\u043a\u043b\u0430\u0434\u043a\u0438 \u043a\u043b\u0430\u0434\u043a\u0438. \u0412\u043e\u0437\u043d\u0438\u043a\u0448\u0435\u0435 \u0438\u0437-\u0437\u0430 \u0443\u043c\u0435\u043d\u044c\u0448\u0435\u043d\u0438\u044f \u043e\u0431\u044a\u0435\u043c\u0430 \u0438 \u043d\u0430\u0433\u0440\u0443\u0437\u043a\u0438 \u043d\u0430 \u043a\u043e\u043d\u0441\u0442\u0440\u0443\u043a\u0446\u0438\u044e \u0432\u043d\u0443\u0442\u0440\u0435\u043d\u043d\u0435\u0435 \u043d\u0430\u043f\u0440\u044f\u0436\u0435\u043d\u0438\u0435 \u043c\u043e\u0436\u0435\u0442 \u043f\u0440\u0438\u0432\u0435\u0441\u0442\u0438 \u043a \u0442\u0440\u0435\u0449\u0438\u043d\u0430\u043c \u0432 \u043a\u043b\u0430\u0434\u043a\u0435. \u0414\u043b\u044f \u043f\u0440\u0435\u0434\u043e\u0442\u0432\u0440\u0430\u0449\u0435\u043d\u0438\u044f \u0440\u0430\u0441\u043a\u0440\u044b\u0442\u0438\u044f \u0442\u0440\u0435\u0449\u0438\u043d \u0440\u0435\u043a\u043e\u043c\u0435\u043d\u0434\u0443\u0435\u0442\u0441\u044f \u0438\u0441\u043f\u043e\u043b\u044c\u0437\u043e\u0432\u0430\u0442\u044c \u043a\u043b\u0430\u0434\u043e\u0447\u043d\u044b\u0435 \u0441\u0435\u0442\u043a\u0438. \u041f\u0440\u0438 \u043f\u0440\u043e\u0434\u043e\u043b\u0436\u0435\u043d\u0438\u0438 \u043a\u043b\u0430\u0434\u043e\u0447\u043d\u044b\u0445 \u0441\u0435\u0442\u043e\u043a \u043d\u0435\u043e\u0431\u0445\u043e\u0434\u0438\u043c\u043e \u0443\u0447\u0438\u0442\u044b\u0432\u0430\u0442\u044c \u043f\u0435\u0440\u0435\u043a\u0440\u044b\u0432\u0430\u043d\u0438\u0435 \u2015 \u043a\u0430\u043a \u043c\u0438\u043d\u0438\u043c\u0443\u043c 30 \u0441\u043c. \u0422\u0430\u043a\u0436\u0435 \u043d\u0435\u043e\u0431\u0445\u043e\u0434\u0438\u043c\u043e \u0441\u043b\u0435\u0434\u0438\u0442\u044c, \u0447\u0442\u043e\u0431\u044b \u043c\u0435\u0441\u0442\u0430 \u043f\u0440\u043e\u0434\u043e\u043b\u0436\u0435\u043d\u0438\u044f \u043d\u0435 \u0440\u0430\u0441\u043f\u043e\u043b\u0430\u0433\u0430\u043b\u0438\u0441\u044c \u0431\u044b \u0432\u0435\u0440\u0442\u0438\u043a\u0430\u043b\u044c\u043d\u043e \u043d\u0430 \u043e\u0434\u043d\u043e\u0439 \u043b\u0438\u043d\u0438\u0438. \u0414\u043b\u044f \u0434\u043e\u0441\u0442\u0438\u0436\u0435\u043d\u0438\u044f \u043b\u0443\u0447\u0448\u0435\u0433\u043e \u0440\u0435\u0448\u0435\u043d\u0438\u044f \u043a\u043e\u043d\u0441\u0442\u0440\u0443\u043a\u0446\u0438\u0438 \u043f\u0440\u043e\u043a\u043e\u043d\u0441\u0443\u043b\u044c\u0442\u0438\u0440\u0443\u0439\u0442\u0435\u0441\u044c \u043e\u0431\u044f\u0437\u0430\u0442\u0435\u043b\u044c\u043d\u043e \u0441 \u043f\u0440\u043e\u0435\u043a\u0442\u0438\u0440\u043e\u0432\u0449\u0438\u043a\u043e\u043c.<\/span><\/p>\t\t\t\t\t<\/div>\n\t\t\t\t\t\t<\/div>\n\t\t\t\t<\/div>\n\t\t\t\t\t\t<\/div>\n\t\t\t\t\t<\/div>\n\t\t<\/div>\n\t\t\t\t\t\t\t\t<\/div>\n\t\t\t\t\t<\/div>\n\t\t<\/section>\n\t\t\t\t\t\t\t\t\t<\/div>\n\t\t\t<\/div>\n\t\t\t\t\t<\/div>","protected":false},"excerpt":{"rendered":"<p>M\u00dc\u00dcRIV\u00d5RK M\u00fc\u00fcriv\u00f5rk on kasutusel betoonplokkide m\u00fc\u00fcritise armeerimisel t\u00f6\u00f6tava vuugisarrusena. Betoonplokkide kivistumisprotsess ja sellest tingitud mahukahanemine j\u00e4tkub ka peale m\u00fc\u00fcritise ladumist. Mahukahanemisest ja konstruktsiooni koormamisest tekkivad sisepinged v\u00f5ivad viia m\u00fc\u00fcritise pragunemiseni. Pragude avanemise takistamiseks on soovitatav kasutada m\u00fc\u00fcriv\u00f5rkusid. M\u00fc\u00fcriv\u00f5rkude j\u00e4tkamisel tuleb arvestada \u00fclekattega v\u00e4hemalt 30 cm. Samuti tuleb j\u00e4lgida, et j\u00e4tkukohad ei asetseks vertikaalselt \u00fchel joonel. [&hellip;]<\/p>\n","protected":false},"author":1,"featured_media":0,"parent":21,"menu_order":0,"comment_status":"closed","ping_status":"closed","template":"elementor_header_footer","meta":[],"_links":{"self":[{"href":"https:\/\/rakteras.ee\/ru\/wp-json\/wp\/v2\/pages\/399"}],"collection":[{"href":"https:\/\/rakteras.ee\/ru\/wp-json\/wp\/v2\/pages"}],"about":[{"href":"https:\/\/rakteras.ee\/ru\/wp-json\/wp\/v2\/types\/page"}],"author":[{"embeddable":true,"href":"https:\/\/rakteras.ee\/ru\/wp-json\/wp\/v2\/users\/1"}],"replies":[{"embeddable":true,"href":"https:\/\/rakteras.ee\/ru\/wp-json\/wp\/v2\/comments?post=399"}],"version-history":[{"count":5,"href":"https:\/\/rakteras.ee\/ru\/wp-json\/wp\/v2\/pages\/399\/revisions"}],"predecessor-version":[{"id":662,"href":"https:\/\/rakteras.ee\/ru\/wp-json\/wp\/v2\/pages\/399\/revisions\/662"}],"up":[{"embeddable":true,"href":"https:\/\/rakteras.ee\/ru\/wp-json\/wp\/v2\/pages\/21"}],"wp:attachment":[{"href":"https:\/\/rakteras.ee\/ru\/wp-json\/wp\/v2\/media?parent=399"}],"curies":[{"name":"wp","href":"https:\/\/api.w.org\/{rel}","templated":true}]}}