{"id":77,"date":"2019-03-27T17:39:33","date_gmt":"2019-03-27T17:39:33","guid":{"rendered":"http:\/\/rakteras.ee\/?page_id=77"},"modified":"2020-10-06T17:50:08","modified_gmt":"2020-10-06T17:50:08","slug":"rangid","status":"publish","type":"page","link":"https:\/\/rakteras.ee\/ru\/tooted\/rangid\/","title":{"rendered":"\u0420\u0430\u043d\u0433\u0438"},"content":{"rendered":"<div data-elementor-type=\"wp-post\" data-elementor-id=\"77\" class=\"elementor elementor-77\">\n\t\t\t\t\t\t<div class=\"elementor-inner\">\n\t\t\t\t<div class=\"elementor-section-wrap\">\n\t\t\t\t\t\t\t\t\t<section class=\"elementor-section elementor-top-section elementor-element elementor-element-13b2ff5e elementor-section-boxed elementor-section-height-default elementor-section-height-default\" data-id=\"13b2ff5e\" data-element_type=\"section\" data-settings=\"{&quot;background_background&quot;:&quot;classic&quot;}\">\n\t\t\t\t\t\t<div class=\"elementor-container elementor-column-gap-default\">\n\t\t\t\t\t\t\t<div class=\"elementor-row\">\n\t\t\t\t\t<div class=\"elementor-column elementor-col-50 elementor-top-column elementor-element elementor-element-37cede40\" data-id=\"37cede40\" data-element_type=\"column\" data-settings=\"{&quot;background_background&quot;:&quot;classic&quot;,&quot;animation&quot;:&quot;none&quot;}\">\n\t\t\t<div class=\"elementor-column-wrap elementor-element-populated\">\n\t\t\t\t\t<div class=\"elementor-background-overlay\"><\/div>\n\t\t\t\t\t\t\t<div class=\"elementor-widget-wrap\">\n\t\t\t\t\t\t<div class=\"elementor-element elementor-element-63d0a89f elementor-nav-menu__align-left elementor-nav-menu--indicator-none elementor-nav-menu--dropdown-mobile elementor-nav-menu__text-align-aside elementor-nav-menu--toggle elementor-nav-menu--burger elementor-widget elementor-widget-nav-menu\" data-id=\"63d0a89f\" data-element_type=\"widget\" data-settings=\"{&quot;layout&quot;:&quot;horizontal&quot;,&quot;toggle&quot;:&quot;burger&quot;}\" data-widget_type=\"nav-menu.default\">\n\t\t\t\t<div class=\"elementor-widget-container\">\n\t\t\t\t\t\t<nav role=\"navigation\" class=\"elementor-nav-menu--main elementor-nav-menu__container elementor-nav-menu--layout-horizontal e--pointer-text e--animation-float\"><ul id=\"menu-1-63d0a89f\" class=\"elementor-nav-menu\"><li class=\"menu-item menu-item-type-post_type menu-item-object-page menu-item-73\"><a href=\"https:\/\/rakteras.ee\/ru\/tooted\/armatuurvork\/\" class=\"elementor-item\">\u0410\u0440\u043c\u0430\u0442\u0443\u0440\u043d\u0430\u044f \u0441\u0435\u0442\u043a\u0430<\/a><\/li>\n<li class=\"menu-item menu-item-type-post_type menu-item-object-page menu-item-83\"><a href=\"https:\/\/rakteras.ee\/ru\/tooted\/armatuurteras\/\" class=\"elementor-item\">\u0410\u0440\u043c\u0430\u0442\u0443\u0440\u043d\u0430\u044f \u0441\u0442\u0430\u043b\u044c<\/a><\/li>\n<li class=\"menu-item menu-item-type-post_type menu-item-object-page menu-item-454\"><a href=\"https:\/\/rakteras.ee\/ru\/tooted\/muurivork\/\" class=\"elementor-item\">\u041a\u043b\u0430\u0434\u043e\u0447\u043d\u0430\u044f \u0441\u0435\u0442\u043a\u0430<\/a><\/li>\n<li class=\"menu-item menu-item-type-post_type menu-item-object-page menu-item-72\"><a href=\"https:\/\/rakteras.ee\/ru\/tooted\/bi-armatuur\/\" class=\"elementor-item\">\u0411\u0418- \u0438 \u0422\u0420\u0418-\u0430\u0440\u043c\u0430\u0442\u0443\u0440\u0430<\/a><\/li>\n<li class=\"menu-item menu-item-type-post_type menu-item-object-page menu-item-81\"><a href=\"https:\/\/rakteras.ee\/ru\/tooted\/tarilapid\/\" class=\"elementor-item\">\u041a\u0440\u0435\u043f\u0435\u0436\u043d\u044b\u0435 \u043f\u043b\u0438\u0442\u044b<\/a><\/li>\n<li class=\"menu-item menu-item-type-post_type menu-item-object-page menu-item-82\"><a href=\"https:\/\/rakteras.ee\/ru\/tooted\/rangid\/\" class=\"elementor-item\">\u0420\u0430\u043d\u0433\u0438<\/a><\/li>\n<li class=\"menu-item menu-item-type-post_type menu-item-object-page menu-item-281\"><a href=\"https:\/\/rakteras.ee\/ru\/tooted\/tosteaasad\/\" class=\"elementor-item\">\u041f\u043e\u0434\u044a\u0435\u043c\u043d\u044b\u0435 \u043f\u0435\u0442\u043b\u0438<\/a><\/li>\n<li class=\"menu-item menu-item-type-post_type menu-item-object-page menu-item-398\"><a href=\"https:\/\/rakteras.ee\/ru\/tooted\/distantskandurid\/\" class=\"elementor-item\">\u0414\u0438\u0441\u0442\u0430\u043d\u0446\u0438\u043e\u043d\u043d\u044b\u0435 \u043e\u043f\u043e\u0440\u044b<\/a><\/li>\n<\/ul><\/nav>\n\t\t\t\t\t<div class=\"elementor-menu-toggle\" role=\"button\" tabindex=\"0\" aria-label=\"\u041f\u0435\u0440\u0435\u043a\u043b\u044e\u0447\u0430\u0442\u0435\u043b\u044c \u043c\u0435\u043d\u044e\" aria-expanded=\"false\">\n\t\t\t<i class=\"eicon-menu-bar\" aria-hidden=\"true\"><\/i>\n\t\t\t<span class=\"elementor-screen-only\">\u041c\u0435\u043d\u044e<\/span>\n\t\t<\/div>\n\t\t\t<nav class=\"elementor-nav-menu--dropdown elementor-nav-menu__container\" role=\"navigation\" aria-hidden=\"true\"><ul id=\"menu-2-63d0a89f\" class=\"elementor-nav-menu\"><li class=\"menu-item menu-item-type-post_type menu-item-object-page menu-item-73\"><a href=\"https:\/\/rakteras.ee\/ru\/tooted\/armatuurvork\/\" class=\"elementor-item\">\u0410\u0440\u043c\u0430\u0442\u0443\u0440\u043d\u0430\u044f \u0441\u0435\u0442\u043a\u0430<\/a><\/li>\n<li class=\"menu-item menu-item-type-post_type menu-item-object-page menu-item-83\"><a href=\"https:\/\/rakteras.ee\/ru\/tooted\/armatuurteras\/\" class=\"elementor-item\">\u0410\u0440\u043c\u0430\u0442\u0443\u0440\u043d\u0430\u044f \u0441\u0442\u0430\u043b\u044c<\/a><\/li>\n<li class=\"menu-item menu-item-type-post_type menu-item-object-page menu-item-454\"><a href=\"https:\/\/rakteras.ee\/ru\/tooted\/muurivork\/\" class=\"elementor-item\">\u041a\u043b\u0430\u0434\u043e\u0447\u043d\u0430\u044f \u0441\u0435\u0442\u043a\u0430<\/a><\/li>\n<li class=\"menu-item menu-item-type-post_type menu-item-object-page menu-item-72\"><a href=\"https:\/\/rakteras.ee\/ru\/tooted\/bi-armatuur\/\" class=\"elementor-item\">\u0411\u0418- \u0438 \u0422\u0420\u0418-\u0430\u0440\u043c\u0430\u0442\u0443\u0440\u0430<\/a><\/li>\n<li class=\"menu-item menu-item-type-post_type menu-item-object-page menu-item-81\"><a href=\"https:\/\/rakteras.ee\/ru\/tooted\/tarilapid\/\" class=\"elementor-item\">\u041a\u0440\u0435\u043f\u0435\u0436\u043d\u044b\u0435 \u043f\u043b\u0438\u0442\u044b<\/a><\/li>\n<li class=\"menu-item menu-item-type-post_type menu-item-object-page menu-item-82\"><a href=\"https:\/\/rakteras.ee\/ru\/tooted\/rangid\/\" class=\"elementor-item\">\u0420\u0430\u043d\u0433\u0438<\/a><\/li>\n<li class=\"menu-item menu-item-type-post_type menu-item-object-page menu-item-281\"><a href=\"https:\/\/rakteras.ee\/ru\/tooted\/tosteaasad\/\" class=\"elementor-item\">\u041f\u043e\u0434\u044a\u0435\u043c\u043d\u044b\u0435 \u043f\u0435\u0442\u043b\u0438<\/a><\/li>\n<li class=\"menu-item menu-item-type-post_type menu-item-object-page menu-item-398\"><a href=\"https:\/\/rakteras.ee\/ru\/tooted\/distantskandurid\/\" class=\"elementor-item\">\u0414\u0438\u0441\u0442\u0430\u043d\u0446\u0438\u043e\u043d\u043d\u044b\u0435 \u043e\u043f\u043e\u0440\u044b<\/a><\/li>\n<\/ul><\/nav>\n\t\t\t\t<\/div>\n\t\t\t\t<\/div>\n\t\t\t\t\t\t<\/div>\n\t\t\t\t\t<\/div>\n\t\t<\/div>\n\t\t\t\t<div class=\"elementor-column elementor-col-50 elementor-top-column elementor-element elementor-element-2401d12c\" data-id=\"2401d12c\" data-element_type=\"column\">\n\t\t\t<div class=\"elementor-column-wrap elementor-element-populated\">\n\t\t\t\t\t\t\t<div class=\"elementor-widget-wrap\">\n\t\t\t\t\t\t<div class=\"elementor-element elementor-element-5776e74b elementor-widget elementor-widget-heading\" data-id=\"5776e74b\" data-element_type=\"widget\" data-widget_type=\"heading.default\">\n\t\t\t\t<div class=\"elementor-widget-container\">\n\t\t\t<h2 class=\"elementor-heading-title elementor-size-default\">\u0420\u0430\u043d\u0433\u0438<\/h2>\t\t<\/div>\n\t\t\t\t<\/div>\n\t\t\t\t<div class=\"elementor-element elementor-element-470220ce elementor-widget elementor-widget-text-editor\" data-id=\"470220ce\" data-element_type=\"widget\" data-widget_type=\"text-editor.default\">\n\t\t\t\t<div class=\"elementor-widget-container\">\n\t\t\t\t\t\t\t\t<div class=\"elementor-text-editor elementor-clearfix\">\n\t\t\t\t<p><span style=\"font-weight: 400;\">\u0413\u043d\u0443\u0442\u0430\u044f \u0430\u0440\u043c\u0430\u0442\u0443\u0440\u043d\u0430\u044f \u0441\u0442\u0430\u043b\u044c \u0438\u043b\u0438 \u0440\u0430\u043d\u0433\u0438 \u0438\u0441\u043f\u043e\u043b\u044c\u0437\u0443\u044e\u0442\u0441\u044f \u043f\u0440\u0438 \u0430\u0440\u043c\u0438\u0440\u043e\u0432\u0430\u043d\u0438\u0438 \u0431\u0435\u0442\u043e\u043d\u0430.<\/span><\/p><p><span style=\"font-weight: 400;\">\u041f\u0440\u0435\u0434\u043b\u0430\u0433\u0430\u0435\u043c \u0443\u0441\u043b\u0443\u0433\u0443 \u0438\u0437\u0433\u043e\u0442\u043e\u0432\u043b\u0435\u043d\u0438\u044f \u0430\u0440\u043c\u0430\u0442\u0443\u0440\u043d\u044b\u0445 \u0440\u0430\u043d\u0433\u043e\u0432 \u0440\u0430\u0437\u043d\u043e\u0433\u043e \u0440\u0430\u0437\u043c\u0435\u0440\u0430. \u041c\u043e\u0436\u0435\u043c \u043e\u0431\u0440\u0430\u0431\u0430\u0442\u044b\u0432\u0430\u0442\u044c \u0441\u0442\u0430\u043b\u044c\u043d\u0443\u044e \u0430\u0440\u043c\u0430\u0442\u0443\u0440\u0443 \u0434\u0438\u0430\u043c\u0435\u0442\u0440\u043e\u043c \u0434\u043e 32 \u043c\u043c.<\/span><\/p>\t\t\t\t\t<\/div>\n\t\t\t\t\t\t<\/div>\n\t\t\t\t<\/div>\n\t\t\t\t\t\t<\/div>\n\t\t\t\t\t<\/div>\n\t\t<\/div>\n\t\t\t\t\t\t\t\t<\/div>\n\t\t\t\t\t<\/div>\n\t\t<\/section>\n\t\t\t\t\t\t\t\t\t<\/div>\n\t\t\t<\/div>\n\t\t\t\t\t<\/div>","protected":false},"excerpt":{"rendered":"<p>RANGID Painutatud armatuurterast ehk range kasutatakse betooni armeerimisel. Pakume erikujuliste armatuurrangide valmistamise teenust. Suudame t\u00f6\u00f6delda kuni 32 mm l\u00e4bim\u00f5\u00f5duga terasarmatuuri.<\/p>","protected":false},"author":1,"featured_media":0,"parent":21,"menu_order":0,"comment_status":"closed","ping_status":"closed","template":"elementor_header_footer","meta":[],"_links":{"self":[{"href":"https:\/\/rakteras.ee\/ru\/wp-json\/wp\/v2\/pages\/77"}],"collection":[{"href":"https:\/\/rakteras.ee\/ru\/wp-json\/wp\/v2\/pages"}],"about":[{"href":"https:\/\/rakteras.ee\/ru\/wp-json\/wp\/v2\/types\/page"}],"author":[{"embeddable":true,"href":"https:\/\/rakteras.ee\/ru\/wp-json\/wp\/v2\/users\/1"}],"replies":[{"embeddable":true,"href":"https:\/\/rakteras.ee\/ru\/wp-json\/wp\/v2\/comments?post=77"}],"version-history":[{"count":5,"href":"https:\/\/rakteras.ee\/ru\/wp-json\/wp\/v2\/pages\/77\/revisions"}],"predecessor-version":[{"id":666,"href":"https:\/\/rakteras.ee\/ru\/wp-json\/wp\/v2\/pages\/77\/revisions\/666"}],"up":[{"embeddable":true,"href":"https:\/\/rakteras.ee\/ru\/wp-json\/wp\/v2\/pages\/21"}],"wp:attachment":[{"href":"https:\/\/rakteras.ee\/ru\/wp-json\/wp\/v2\/media?parent=77"}],"curies":[{"name":"wp","href":"https:\/\/api.w.org\/{rel}","templated":true}]}}